{"id":15,"date":"2015-10-25T07:04:52","date_gmt":"2015-10-25T05:04:52","guid":{"rendered":"http:\/\/webredox.net\/demo\/wp\/mountain\/demo1\/?page_id=15"},"modified":"2018-11-30T00:38:07","modified_gmt":"2018-11-29T22:38:07","slug":"kennelunk","status":"publish","type":"page","link":"http:\/\/leopard.dog\/en\/kennelunk\/","title":{"rendered":"Our Kennel"},"content":{"rendered":"<div class=\"vc_row wpb_row vc_row-fluid\"><div class=\"wpb_column vc_column_container vc_col-sm-12\"><div class=\"vc_column-inner\"><div class=\"wpb_wrapper\">\n\t\t     <div class=\"text-title section-sub-title\" style=\"background:;\">\n\t\t\t <article class=\"section-title-body\">\n\t\t\t <h1 class=\"head-title\" style=\"margin:;padding:; color:; font-size:; font-weight:; line-height:; text-align:center; text-transform:;\">I had a dream...<\/h1>\n\t\t\t <\/article>\n\t\t\t <\/div>\n                \n\t\t\t\t\n\t\t     <div class=\"sec-text\" style=\"background:; float:;\">\n\t\t\t <p style=\"margin:0px 0px 30px 0px;padding:; color:; font-size:; font-weight:; line-height:; text-align:center; text-transform:;\">\n<p style=\"text-align: center;\">When I saw this breed for the first time I said, I want only this dog, more than anything.<br \/>\nI was 12.<\/p>\n<h3 style=\"text-align: center;\">Few years later...<\/h3>\n<p style=\"text-align: center;\">Few years later when we had Internet, I started to search, tried to find kennels, but I found only US breeders.<br \/>\nAt Christmas of 2010 I had finally found someone in Europe.<\/p>\n<\/p>\n\t\t\t <\/div>\n                \n\t\t\t\t<\/div><\/div><\/div><\/div><div class=\"vc_row wpb_row vc_row-fluid\"><div class=\"abt-pad-left pad-block wpb_column vc_column_container vc_col-sm-6\"><div class=\"vc_column-inner vc_custom_1476912823005\"><div class=\"wpb_wrapper\">\n\t\t     <div class=\"sec-text\" style=\"background:; float:;\">\n\t\t\t <p style=\"margin:60px 0px 0px 0px;padding:; color:; font-size:; font-weight:; line-height:; text-align:; text-transform:;\">\n<p style=\"text-align: center;\">I saw the litter, their first litter and the only one red leopard boy there. I found him, my Logan, my very first dog, my foundation of my kennel and the breed in Hungary. I knew he was born to be mine.<\/p>\n<p style=\"text-align: center;\">At the beginning it was so hard. I had a big and strong, smart teenager Leopard male with a stubborn head. I didn\u2019t have much help, at that time nobody knew the breed... we had a hard way, but on this long way we became a companion, real friends and I became the forever fan of the breed. He taught me how to keep, teach and love the Catahoula.<\/p>\n<\/p>\n\t\t\t <\/div>\n                \n\t\t\t\t<\/div><\/div><\/div><div class=\"wpb_column vc_column_container vc_col-sm-6\"><div class=\"vc_column-inner\"><div class=\"wpb_wrapper\"><div class=\"sec-image\"><img decoding=\"async\" src=\"http:\/\/leopard.dog\/wp-content\/uploads\/2015\/10\/163887_194955647182116_5159359_n-e1476912568507.jpg\" style=\"width:;height:;float:left;margin:0 20 0 0;padding:;position:;top:;bottom:;right:;left:;\" alt=\"img\" class=\"img-responsive\"\/><\/div><\/div><\/div><\/div><\/div><div class=\"vc_row wpb_row vc_row-fluid\"><div class=\"wpb_column vc_column_container vc_col-sm-6\"><div class=\"vc_column-inner\"><div class=\"wpb_wrapper\"><div class=\"sec-image\"><img decoding=\"async\" src=\"http:\/\/leopard.dog\/wp-content\/uploads\/2015\/10\/DSC_6858.jpg\" style=\"width:;height:;float:;margin:;padding:;position:;top:;bottom:;right:;left:;\" alt=\"img\" class=\"img-responsive\"\/><\/div><\/div><\/div><\/div><div class=\"abt-pad-right pad-block wpb_column vc_column_container vc_col-sm-6\"><div class=\"vc_column-inner vc_custom_1483125649652\"><div class=\"wpb_wrapper\">\n\t\t     <div class=\"sec-text\" style=\"background:; float:;\">\n\t\t\t <p style=\"margin:65px 0px 0px 0px;padding:; color:; font-size:; font-weight:; line-height:; text-align:; text-transform:;\">2 years later with Evin, it was the same situation. I saw her and fell in love. She was the perfect copy of her mom who I love so much. I didn\u2019t plan another dog, but I felt she couldn\u2019t be someone else\u2019s pup.<\/p>\n<p>Evin and Logan are completely different. They are just like 2 sides of me.<\/p>\n\t\t\t <\/div>\n                \n\t\t\t\t<\/div><\/div><\/div><\/div><div class=\"vc_row wpb_row vc_row-fluid\"><div class=\"wpb_column vc_column_container vc_col-sm-6\"><div class=\"vc_column-inner vc_custom_1476913919203\"><div class=\"wpb_wrapper\">\n\t\t     <div class=\"sec-text\" style=\"background:; float:;\">\n\t\t\t <p style=\"margin:120px 0px 0px 0px;padding:; color:; font-size:; font-weight:; line-height:; text-align:center; text-transform:;\">\n<p style=\"text-align: center;\">In 2016, Esca was 15 months old when she came to us. I\u2019m sad she couldn\u2019t spend her puppyhood with me, but now I think we refill the lost times. She is a great dog, perfectly fits to our team and she is the most loyal dog I have ever met.\n\nNot after a long time, after Esca has arrived ,I saw something special. She had 2 long trips and lots of help from a friend of us to be together with her new pack, but it was worth it. She is here and every day I say thanks for her. My Egra...<\/p>\n<\/p>\n\t\t\t <\/div>\n                \n\t\t\t\t<\/div><\/div><\/div><div class=\"wpb_column vc_column_container vc_col-sm-6\"><div class=\"vc_column-inner\"><div class=\"wpb_wrapper\"><div class=\"sec-image\"><img decoding=\"async\" src=\"http:\/\/leopard.dog\/wp-content\/uploads\/2015\/10\/GAB_0522.jpg\" style=\"width:;height:;float:;margin:;padding:;position:;top:;bottom:;right:;left:;\" alt=\"img\" class=\"img-responsive\"\/><\/div><\/div><\/div><\/div><\/div>","protected":false},"excerpt":{"rendered":"Egy gyerekkori \u00e1lom Amikor egy k\u00f6nyvben el\u0151sz\u00f6r megl\u00e1ttam, azt gondoltam, ilyen kutya kell nekem. H\u00e1ny 12 \u00e9ves gyerek gondolja ezt, amikor megl\u00e1t egy sz\u00e9p kuty\u00e1t? SOK Akkor, m\u00e9g Internet n\u00e9lk\u00fcl a keresg\u00e9l\u00e9s ebben ki is mer\u00fclt. M\u00e1s fajta viszont nem kellett, \u00fagyhogy n\u00e9h\u00e1ny \u00e9vre parkol\u00f3 p\u00e1ly\u00e1ra ker\u00fclt a t\u00e9ma, de a kutat\u00e1st nem hagytam abba. [...]","protected":false},"author":1,"featured_media":370,"parent":0,"menu_order":0,"comment_status":"closed","ping_status":"closed","template":"","meta":{"_exactmetrics_skip_tracking":false,"_exactmetrics_sitenote_active":false,"_exactmetrics_sitenote_note":"","_exactmetrics_sitenote_category":0,"footnotes":""},"class_list":["post-15","page","type-page","status-publish","has-post-thumbnail","hentry"],"yoast_head":"<!-- This site is optimized with the Yoast SEO plugin v24.2 - https:\/\/yoast.com\/wordpress\/plugins\/seo\/ -->\n<title>Kennel\u00fcnk - Delight Catahoulas Hungary<\/title>\n<meta name=\"robots\" content=\"index, follow, max-snippet:-1, max-image-preview:large, max-video-preview:-1\" \/>\n<link rel=\"canonical\" href=\"http:\/\/leopard.dog\/en\/kennelunk\/\" \/>\n<meta property=\"og:locale\" content=\"en_US\" \/>\n<meta property=\"og:type\" content=\"article\" \/>\n<meta property=\"og:title\" content=\"Kennel\u00fcnk - Delight Catahoulas Hungary\" \/>\n<meta property=\"og:url\" content=\"http:\/\/leopard.dog\/en\/kennelunk\/\" \/>\n<meta property=\"og:site_name\" content=\"Delight Catahoulas Hungary\" \/>\n<meta property=\"article:modified_time\" content=\"2018-11-29T22:38:07+00:00\" \/>\n<meta property=\"og:image\" content=\"http:\/\/leopard.dog\/wp-content\/uploads\/2015\/10\/GAB_0541-e1476908459660.jpg\" \/>\n\t<meta property=\"og:image:width\" content=\"1436\" \/>\n\t<meta property=\"og:image:height\" content=\"746\" \/>\n\t<meta property=\"og:image:type\" content=\"image\/jpeg\" \/>\n<meta name=\"twitter:card\" content=\"summary_large_image\" \/>\n<meta name=\"twitter:label1\" content=\"Est. reading time\" \/>\n\t<meta name=\"twitter:data1\" content=\"3 minutes\" \/>\n<script type=\"application\/ld+json\" class=\"yoast-schema-graph\">{\"@context\":\"https:\/\/schema.org\",\"@graph\":[{\"@type\":\"WebPage\",\"@id\":\"http:\/\/leopard.dog\/kennelunk\/\",\"url\":\"http:\/\/leopard.dog\/kennelunk\/\",\"name\":\"Kennel\u00fcnk - Delight Catahoulas Hungary\",\"isPartOf\":{\"@id\":\"http:\/\/leopard.dog\/#website\"},\"primaryImageOfPage\":{\"@id\":\"http:\/\/leopard.dog\/kennelunk\/#primaryimage\"},\"image\":{\"@id\":\"http:\/\/leopard.dog\/kennelunk\/#primaryimage\"},\"thumbnailUrl\":\"http:\/\/leopard.dog\/wp-content\/uploads\/2015\/10\/GAB_0541-e1476908459660.jpg\",\"datePublished\":\"2015-10-25T05:04:52+00:00\",\"dateModified\":\"2018-11-29T22:38:07+00:00\",\"breadcrumb\":{\"@id\":\"http:\/\/leopard.dog\/kennelunk\/#breadcrumb\"},\"inLanguage\":\"en-US\",\"potentialAction\":[{\"@type\":\"ReadAction\",\"target\":[\"http:\/\/leopard.dog\/kennelunk\/\"]}]},{\"@type\":\"ImageObject\",\"inLanguage\":\"en-US\",\"@id\":\"http:\/\/leopard.dog\/kennelunk\/#primaryimage\",\"url\":\"http:\/\/leopard.dog\/wp-content\/uploads\/2015\/10\/GAB_0541-e1476908459660.jpg\",\"contentUrl\":\"http:\/\/leopard.dog\/wp-content\/uploads\/2015\/10\/GAB_0541-e1476908459660.jpg\",\"width\":1436,\"height\":746},{\"@type\":\"BreadcrumbList\",\"@id\":\"http:\/\/leopard.dog\/kennelunk\/#breadcrumb\",\"itemListElement\":[{\"@type\":\"ListItem\",\"position\":1,\"name\":\"Home\",\"item\":\"http:\/\/leopard.dog\/\"},{\"@type\":\"ListItem\",\"position\":2,\"name\":\"Kennel\u00fcnk\"}]},{\"@type\":\"WebSite\",\"@id\":\"http:\/\/leopard.dog\/#website\",\"url\":\"http:\/\/leopard.dog\/\",\"name\":\"Delight Catahoulas Hungary\",\"description\":\"The leopard dog kennel\",\"publisher\":{\"@id\":\"http:\/\/leopard.dog\/#organization\"},\"potentialAction\":[{\"@type\":\"SearchAction\",\"target\":{\"@type\":\"EntryPoint\",\"urlTemplate\":\"http:\/\/leopard.dog\/?s={search_term_string}\"},\"query-input\":{\"@type\":\"PropertyValueSpecification\",\"valueRequired\":true,\"valueName\":\"search_term_string\"}}],\"inLanguage\":\"en-US\"},{\"@type\":\"Organization\",\"@id\":\"http:\/\/leopard.dog\/#organization\",\"name\":\"Delight kennel\",\"url\":\"http:\/\/leopard.dog\/\",\"logo\":{\"@type\":\"ImageObject\",\"inLanguage\":\"en-US\",\"@id\":\"http:\/\/leopard.dog\/#\/schema\/logo\/image\/\",\"url\":\"http:\/\/leopard.dog\/wp-content\/uploads\/2016\/10\/cropped-delightkennel_fb-logo.png\",\"contentUrl\":\"http:\/\/leopard.dog\/wp-content\/uploads\/2016\/10\/cropped-delightkennel_fb-logo.png\",\"width\":512,\"height\":512,\"caption\":\"Delight kennel\"},\"image\":{\"@id\":\"http:\/\/leopard.dog\/#\/schema\/logo\/image\/\"}}]}<\/script>\n<!-- \/ Yoast SEO plugin. -->","yoast_head_json":{"title":"Kennel\u00fcnk - Delight Catahoulas Hungary","robots":{"index":"index","follow":"follow","max-snippet":"max-snippet:-1","max-image-preview":"max-image-preview:large","max-video-preview":"max-video-preview:-1"},"canonical":"http:\/\/leopard.dog\/en\/kennelunk\/","og_locale":"en_US","og_type":"article","og_title":"Kennel\u00fcnk - Delight Catahoulas Hungary","og_url":"http:\/\/leopard.dog\/en\/kennelunk\/","og_site_name":"Delight Catahoulas Hungary","article_modified_time":"2018-11-29T22:38:07+00:00","og_image":[{"width":1436,"height":746,"url":"http:\/\/leopard.dog\/wp-content\/uploads\/2015\/10\/GAB_0541-e1476908459660.jpg","type":"image\/jpeg"}],"twitter_card":"summary_large_image","twitter_misc":{"Est. reading time":"3 minutes"},"schema":{"@context":"https:\/\/schema.org","@graph":[{"@type":"WebPage","@id":"http:\/\/leopard.dog\/kennelunk\/","url":"http:\/\/leopard.dog\/kennelunk\/","name":"Kennel\u00fcnk - Delight Catahoulas Hungary","isPartOf":{"@id":"http:\/\/leopard.dog\/#website"},"primaryImageOfPage":{"@id":"http:\/\/leopard.dog\/kennelunk\/#primaryimage"},"image":{"@id":"http:\/\/leopard.dog\/kennelunk\/#primaryimage"},"thumbnailUrl":"http:\/\/leopard.dog\/wp-content\/uploads\/2015\/10\/GAB_0541-e1476908459660.jpg","datePublished":"2015-10-25T05:04:52+00:00","dateModified":"2018-11-29T22:38:07+00:00","breadcrumb":{"@id":"http:\/\/leopard.dog\/kennelunk\/#breadcrumb"},"inLanguage":"en-US","potentialAction":[{"@type":"ReadAction","target":["http:\/\/leopard.dog\/kennelunk\/"]}]},{"@type":"ImageObject","inLanguage":"en-US","@id":"http:\/\/leopard.dog\/kennelunk\/#primaryimage","url":"http:\/\/leopard.dog\/wp-content\/uploads\/2015\/10\/GAB_0541-e1476908459660.jpg","contentUrl":"http:\/\/leopard.dog\/wp-content\/uploads\/2015\/10\/GAB_0541-e1476908459660.jpg","width":1436,"height":746},{"@type":"BreadcrumbList","@id":"http:\/\/leopard.dog\/kennelunk\/#breadcrumb","itemListElement":[{"@type":"ListItem","position":1,"name":"Home","item":"http:\/\/leopard.dog\/"},{"@type":"ListItem","position":2,"name":"Kennel\u00fcnk"}]},{"@type":"WebSite","@id":"http:\/\/leopard.dog\/#website","url":"http:\/\/leopard.dog\/","name":"Delight Catahoulas Hungary","description":"The leopard dog kennel","publisher":{"@id":"http:\/\/leopard.dog\/#organization"},"potentialAction":[{"@type":"SearchAction","target":{"@type":"EntryPoint","urlTemplate":"http:\/\/leopard.dog\/?s={search_term_string}"},"query-input":{"@type":"PropertyValueSpecification","valueRequired":true,"valueName":"search_term_string"}}],"inLanguage":"en-US"},{"@type":"Organization","@id":"http:\/\/leopard.dog\/#organization","name":"Delight kennel","url":"http:\/\/leopard.dog\/","logo":{"@type":"ImageObject","inLanguage":"en-US","@id":"http:\/\/leopard.dog\/#\/schema\/logo\/image\/","url":"http:\/\/leopard.dog\/wp-content\/uploads\/2016\/10\/cropped-delightkennel_fb-logo.png","contentUrl":"http:\/\/leopard.dog\/wp-content\/uploads\/2016\/10\/cropped-delightkennel_fb-logo.png","width":512,"height":512,"caption":"Delight kennel"},"image":{"@id":"http:\/\/leopard.dog\/#\/schema\/logo\/image\/"}}]}},"_links":{"self":[{"href":"http:\/\/leopard.dog\/en\/wp-json\/wp\/v2\/pages\/15","targetHints":{"allow":["GET"]}}],"collection":[{"href":"http:\/\/leopard.dog\/en\/wp-json\/wp\/v2\/pages"}],"about":[{"href":"http:\/\/leopard.dog\/en\/wp-json\/wp\/v2\/types\/page"}],"author":[{"embeddable":true,"href":"http:\/\/leopard.dog\/en\/wp-json\/wp\/v2\/users\/1"}],"replies":[{"embeddable":true,"href":"http:\/\/leopard.dog\/en\/wp-json\/wp\/v2\/comments?post=15"}],"version-history":[{"count":30,"href":"http:\/\/leopard.dog\/en\/wp-json\/wp\/v2\/pages\/15\/revisions"}],"predecessor-version":[{"id":961,"href":"http:\/\/leopard.dog\/en\/wp-json\/wp\/v2\/pages\/15\/revisions\/961"}],"wp:featuredmedia":[{"embeddable":true,"href":"http:\/\/leopard.dog\/en\/wp-json\/wp\/v2\/media\/370"}],"wp:attachment":[{"href":"http:\/\/leopard.dog\/en\/wp-json\/wp\/v2\/media?parent=15"}],"curies":[{"name":"wp","href":"https:\/\/api.w.org\/{rel}","templated":true}]}}