{"id":312,"date":"2015-10-25T06:50:45","date_gmt":"2015-10-25T04:50:45","guid":{"rendered":"http:\/\/webredox.net\/demo\/wp\/mountain\/demo1\/?page_id=9"},"modified":"2020-04-08T23:01:04","modified_gmt":"2020-04-08T21:01:04","slug":"hu","status":"publish","type":"page","link":"http:\/\/leopard.dog\/en\/hu\/","title":{"rendered":"Home"},"content":{"rendered":"<div class=\"vc_row wpb_row vc_row-fluid\"><div class=\"wpb_column vc_column_container vc_col-sm-4\"><div class=\"vc_column-inner\"><div class=\"wpb_wrapper\"><section class=\"vc_cta3-container\"><div class=\"vc_general vc_cta3 vc_cta3-style-flat vc_cta3-shape-square vc_cta3-align-center vc_cta3-color-white vc_cta3-icons-on-border vc_cta3-icon-size-xl vc_cta3-icons-in-box vc_cta3-icons-top vc_cta3-actions-top\"><div class=\"vc_cta3-icons\"><div class=\"vc_icon_element vc_icon_element-outer vc_icon_element-align-left vc_icon_element-have-style\"><div class=\"vc_icon_element-inner vc_icon_element-color-custom vc_icon_element-have-style-inner vc_icon_element-size-xl vc_icon_element-style-rounded-outline vc_icon_element-outline vc_icon_element-background-color-custom\"  style=\"border-color:#686868\"><span class=\"vc_icon_element-icon fa fa-paw\" style=\"color:#686868 !important\"><\/span><a class=\"vc_icon_element-link\" href=\"http:\/\/leopard.dog\/en\/leopardkutya\/\"  title=\"\" target=\"_self\"><\/a><\/div><\/div><\/div><div class=\"vc_cta3_content-container\"><div class=\"vc_cta3-actions\"><div class=\"vc_btn3-container vc_btn3-center\" ><a class=\"vc_general vc_btn3 vc_btn3-size-md vc_btn3-shape-square vc_btn3-style-flat vc_btn3-block vc_btn3-color-white\" href=\"http:\/\/leopard.dog\/en\/leopardkutya\/\" title=\"\">The Catahoula<\/a><\/div><\/div><div class=\"vc_cta3-content\"><header class=\"vc_cta3-content-header\"><\/header><p>The real origin of the Catahoula is unknown, old written says these dogs are the descendents of the red wolf what crossed with native americans\u2019 dogs...<\/p>\n<\/div><\/div><\/div><\/section><\/div><\/div><\/div><div class=\"wpb_column vc_column_container vc_col-sm-4\"><div class=\"vc_column-inner\"><div class=\"wpb_wrapper\"><section class=\"vc_cta3-container\"><div class=\"vc_general vc_cta3 vc_cta3-style-flat vc_cta3-shape-square vc_cta3-align-center vc_cta3-color-white vc_cta3-icons-on-border vc_cta3-icon-size-xl vc_cta3-icons-in-box vc_cta3-icons-top vc_cta3-actions-top\"><div class=\"vc_cta3-icons\"><div class=\"vc_icon_element vc_icon_element-outer vc_icon_element-align-left vc_icon_element-have-style\"><div class=\"vc_icon_element-inner vc_icon_element-color-custom vc_icon_element-have-style-inner vc_icon_element-size-xl vc_icon_element-style-rounded-outline vc_icon_element-outline vc_icon_element-background-color-custom\"  style=\"border-color:#686868\"><span class=\"vc_icon_element-icon fa fa-trophy\" style=\"color:#686868 !important\"><\/span><a class=\"vc_icon_element-link\" href=\"http:\/\/leopard.dog\/en\/eredmenyeink\/\"  title=\"\" target=\"_self\"><\/a><\/div><\/div><\/div><div class=\"vc_cta3_content-container\"><div class=\"vc_cta3-actions\"><div class=\"vc_btn3-container vc_btn3-center\" ><a class=\"vc_general vc_btn3 vc_btn3-size-md vc_btn3-shape-square vc_btn3-style-flat vc_btn3-block vc_btn3-color-white\" href=\"http:\/\/leopard.dog\/en\/eredmenyeink\/\" title=\"\">Results<\/a><\/div><\/div><div class=\"vc_cta3-content\"><header class=\"vc_cta3-content-header\"><\/header><p>We collect our results on sporting and working competitions,<br \/>\ndogshows<br \/>\nand huntings.<\/p>\n<\/div><\/div><\/div><\/section><\/div><\/div><\/div><div class=\"wpb_column vc_column_container vc_col-sm-4\"><div class=\"vc_column-inner\"><div class=\"wpb_wrapper\"><section class=\"vc_cta3-container\"><div class=\"vc_general vc_cta3 vc_cta3-style-flat vc_cta3-shape-square vc_cta3-align-center vc_cta3-color-white vc_cta3-icons-on-border vc_cta3-icon-size-xl vc_cta3-icons-in-box vc_cta3-icons-top vc_cta3-actions-top\"><div class=\"vc_cta3-icons\"><div class=\"vc_icon_element vc_icon_element-outer vc_icon_element-align-left vc_icon_element-have-style\"><div class=\"vc_icon_element-inner vc_icon_element-color-custom vc_icon_element-have-style-inner vc_icon_element-size-xl vc_icon_element-style-rounded-outline vc_icon_element-outline vc_icon_element-background-color-custom\"  style=\"border-color:#686868\"><span class=\"vc_icon_element-icon fa fa-venus-mars\" style=\"color:#686868 !important\"><\/span><a class=\"vc_icon_element-link\" href=\"http:\/\/leopard.dog\/en\/almok\/\"  title=\"\" target=\"_self\"><\/a><\/div><\/div><\/div><div class=\"vc_cta3_content-container\"><div class=\"vc_cta3-actions\"><div class=\"vc_btn3-container vc_btn3-center\" ><a class=\"vc_general vc_btn3 vc_btn3-size-md vc_btn3-shape-square vc_btn3-style-flat vc_btn3-block vc_btn3-color-white\" href=\"http:\/\/leopard.dog\/en\/almok\/\" title=\"\">Litters<\/a><\/div><\/div><div class=\"vc_cta3-content\"><header class=\"vc_cta3-content-header\"><\/header><p>If you interest for our next breeding plans<br \/>\nplease write us <a href=\"http:\/\/leopard.dog\/en\/#kapcsolat\">here<\/a> or <a href=\"https:\/\/www.facebook.com\/delightleopard\">on our Facebook page<\/a> .<\/p>\n<\/div><\/div><\/div><\/section><\/div><\/div><\/div><\/div>","protected":false},"excerpt":{"rendered":"A leop\u00e1rdkutyaA leop\u00e1rdkutya pontos eredete ismeretlen, de a val\u00f3sz\u00edn\u0171, hogy az indi\u00e1n falvak k\u00f6rny\u00e9k\u00e9n \u00e9l\u0151 v\u00f6r\u00f6s farkasok \u00e9s az \u0151slakos amerikai kuty\u00e1k keresztez\u00e9s\u00e9b\u0151l j\u00f6tt l\u00e9tre. Eredm\u00e9nyeinkKuty\u00e1ink eredm\u00e9nyeit ki\u00e1ll\u00edt\u00e1sokon, sportversenyeken, a j\u00f6v\u0151ben vad\u00e1szatokon \u00e9s terel\u0151versenyeken gy\u0171jtj\u00fck majd. AlmokAz alomtervek 2 \u00e9vre el\u0151re meghat\u00e1rozottak, v\u00e1r\u00f3list\u00e1ra feliratkozni, szem\u00e9lyesen egyeztetni a Kapcsolat linken vagy Facebook oldalunkon lehets\u00e9ges.","protected":false},"author":1,"featured_media":0,"parent":0,"menu_order":0,"comment_status":"closed","ping_status":"closed","template":"home-page.php","meta":{"_exactmetrics_skip_tracking":false,"_exactmetrics_sitenote_active":false,"_exactmetrics_sitenote_note":"","_exactmetrics_sitenote_category":0,"footnotes":""},"class_list":["post-312","page","type-page","status-publish","hentry"],"yoast_head":"<!-- This site is optimized with the Yoast SEO plugin v24.2 - https:\/\/yoast.com\/wordpress\/plugins\/seo\/ -->\n<title>Delight Catahoulas<\/title>\n<meta name=\"description\" content=\"A leop\u00e1rdkutya pontos eredete ismeretlen, de a val\u00f3sz\u00edn\u0171, hogy az indi\u00e1n falvak k\u00f6rny\u00e9k\u00e9n \u00e9l\u0151 v\u00f6r\u00f6s farkasok \u00e9s az \u0151slakos amerikai kuty\u00e1k keresztez\u00e9s\u00e9b\u0151l j\u00f6tt l\u00e9tre. Egy dolog biztos. A leop\u00e1rdkutya egy v\u00e9rbeli amerikai, sokoldal\u00fa munkakutya. Louisiana \u00e1llam korm\u00e1nyz\u00f3ja az \u00e1llam kuty\u00e1j\u00e1nak titul\u00e1lta e nemes fajt\u00e1t.\" \/>\n<meta name=\"robots\" content=\"index, follow, max-snippet:-1, max-image-preview:large, max-video-preview:-1\" \/>\n<link rel=\"canonical\" href=\"https:\/\/leopard.dog\/en\/hu\/\" \/>\n<meta property=\"og:locale\" content=\"en_US\" \/>\n<meta property=\"og:type\" content=\"article\" \/>\n<meta property=\"og:title\" content=\"Delight Catahoulas\" \/>\n<meta property=\"og:description\" content=\"A leop\u00e1rdkutya pontos eredete ismeretlen, de a val\u00f3sz\u00edn\u0171, hogy az indi\u00e1n falvak k\u00f6rny\u00e9k\u00e9n \u00e9l\u0151 v\u00f6r\u00f6s farkasok \u00e9s az \u0151slakos amerikai kuty\u00e1k keresztez\u00e9s\u00e9b\u0151l j\u00f6tt l\u00e9tre. Egy dolog biztos. A leop\u00e1rdkutya egy v\u00e9rbeli amerikai, sokoldal\u00fa munkakutya. Louisiana \u00e1llam korm\u00e1nyz\u00f3ja az \u00e1llam kuty\u00e1j\u00e1nak titul\u00e1lta e nemes fajt\u00e1t.\" \/>\n<meta property=\"og:url\" content=\"https:\/\/leopard.dog\/en\/hu\/\" \/>\n<meta property=\"og:site_name\" content=\"Delight Catahoulas Hungary\" \/>\n<meta property=\"article:modified_time\" content=\"2020-04-08T21:01:04+00:00\" \/>\n<meta name=\"twitter:card\" content=\"summary_large_image\" \/>\n<meta name=\"twitter:label1\" content=\"Est. reading time\" \/>\n\t<meta name=\"twitter:data1\" content=\"2 minutes\" \/>\n<script type=\"application\/ld+json\" class=\"yoast-schema-graph\">{\"@context\":\"https:\/\/schema.org\",\"@graph\":[{\"@type\":\"WebPage\",\"@id\":\"https:\/\/leopard.dog\/en\/hu\/\",\"url\":\"https:\/\/leopard.dog\/en\/hu\/\",\"name\":\"Delight Catahoulas\",\"isPartOf\":{\"@id\":\"http:\/\/leopard.dog\/#website\"},\"datePublished\":\"2015-10-25T04:50:45+00:00\",\"dateModified\":\"2020-04-08T21:01:04+00:00\",\"description\":\"A leop\u00e1rdkutya pontos eredete ismeretlen, de a val\u00f3sz\u00edn\u0171, hogy az indi\u00e1n falvak k\u00f6rny\u00e9k\u00e9n \u00e9l\u0151 v\u00f6r\u00f6s farkasok \u00e9s az \u0151slakos amerikai kuty\u00e1k keresztez\u00e9s\u00e9b\u0151l j\u00f6tt l\u00e9tre. Egy dolog biztos. A leop\u00e1rdkutya egy v\u00e9rbeli amerikai, sokoldal\u00fa munkakutya. Louisiana \u00e1llam korm\u00e1nyz\u00f3ja az \u00e1llam kuty\u00e1j\u00e1nak titul\u00e1lta e nemes fajt\u00e1t.\",\"breadcrumb\":{\"@id\":\"https:\/\/leopard.dog\/en\/hu\/#breadcrumb\"},\"inLanguage\":\"en-US\",\"potentialAction\":[{\"@type\":\"ReadAction\",\"target\":[\"https:\/\/leopard.dog\/en\/hu\/\"]}]},{\"@type\":\"BreadcrumbList\",\"@id\":\"https:\/\/leopard.dog\/en\/hu\/#breadcrumb\",\"itemListElement\":[{\"@type\":\"ListItem\",\"position\":1,\"name\":\"Home\",\"item\":\"http:\/\/leopard.dog\/\"},{\"@type\":\"ListItem\",\"position\":2,\"name\":\"Kezd\u0151lap\"}]},{\"@type\":\"WebSite\",\"@id\":\"http:\/\/leopard.dog\/#website\",\"url\":\"http:\/\/leopard.dog\/\",\"name\":\"Delight Catahoulas Hungary\",\"description\":\"The leopard dog kennel\",\"publisher\":{\"@id\":\"http:\/\/leopard.dog\/#organization\"},\"potentialAction\":[{\"@type\":\"SearchAction\",\"target\":{\"@type\":\"EntryPoint\",\"urlTemplate\":\"http:\/\/leopard.dog\/?s={search_term_string}\"},\"query-input\":{\"@type\":\"PropertyValueSpecification\",\"valueRequired\":true,\"valueName\":\"search_term_string\"}}],\"inLanguage\":\"en-US\"},{\"@type\":\"Organization\",\"@id\":\"http:\/\/leopard.dog\/#organization\",\"name\":\"Delight kennel\",\"url\":\"http:\/\/leopard.dog\/\",\"logo\":{\"@type\":\"ImageObject\",\"inLanguage\":\"en-US\",\"@id\":\"http:\/\/leopard.dog\/#\/schema\/logo\/image\/\",\"url\":\"http:\/\/leopard.dog\/wp-content\/uploads\/2016\/10\/cropped-delightkennel_fb-logo.png\",\"contentUrl\":\"http:\/\/leopard.dog\/wp-content\/uploads\/2016\/10\/cropped-delightkennel_fb-logo.png\",\"width\":512,\"height\":512,\"caption\":\"Delight kennel\"},\"image\":{\"@id\":\"http:\/\/leopard.dog\/#\/schema\/logo\/image\/\"}}]}<\/script>\n<!-- \/ Yoast SEO plugin. -->","yoast_head_json":{"title":"Delight Catahoulas","description":"A leop\u00e1rdkutya pontos eredete ismeretlen, de a val\u00f3sz\u00edn\u0171, hogy az indi\u00e1n falvak k\u00f6rny\u00e9k\u00e9n \u00e9l\u0151 v\u00f6r\u00f6s farkasok \u00e9s az \u0151slakos amerikai kuty\u00e1k keresztez\u00e9s\u00e9b\u0151l j\u00f6tt l\u00e9tre. Egy dolog biztos. A leop\u00e1rdkutya egy v\u00e9rbeli amerikai, sokoldal\u00fa munkakutya. Louisiana \u00e1llam korm\u00e1nyz\u00f3ja az \u00e1llam kuty\u00e1j\u00e1nak titul\u00e1lta e nemes fajt\u00e1t.","robots":{"index":"index","follow":"follow","max-snippet":"max-snippet:-1","max-image-preview":"max-image-preview:large","max-video-preview":"max-video-preview:-1"},"canonical":"https:\/\/leopard.dog\/en\/hu\/","og_locale":"en_US","og_type":"article","og_title":"Delight Catahoulas","og_description":"A leop\u00e1rdkutya pontos eredete ismeretlen, de a val\u00f3sz\u00edn\u0171, hogy az indi\u00e1n falvak k\u00f6rny\u00e9k\u00e9n \u00e9l\u0151 v\u00f6r\u00f6s farkasok \u00e9s az \u0151slakos amerikai kuty\u00e1k keresztez\u00e9s\u00e9b\u0151l j\u00f6tt l\u00e9tre. Egy dolog biztos. A leop\u00e1rdkutya egy v\u00e9rbeli amerikai, sokoldal\u00fa munkakutya. Louisiana \u00e1llam korm\u00e1nyz\u00f3ja az \u00e1llam kuty\u00e1j\u00e1nak titul\u00e1lta e nemes fajt\u00e1t.","og_url":"https:\/\/leopard.dog\/en\/hu\/","og_site_name":"Delight Catahoulas Hungary","article_modified_time":"2020-04-08T21:01:04+00:00","twitter_card":"summary_large_image","twitter_misc":{"Est. reading time":"2 minutes"},"schema":{"@context":"https:\/\/schema.org","@graph":[{"@type":"WebPage","@id":"https:\/\/leopard.dog\/en\/hu\/","url":"https:\/\/leopard.dog\/en\/hu\/","name":"Delight Catahoulas","isPartOf":{"@id":"http:\/\/leopard.dog\/#website"},"datePublished":"2015-10-25T04:50:45+00:00","dateModified":"2020-04-08T21:01:04+00:00","description":"A leop\u00e1rdkutya pontos eredete ismeretlen, de a val\u00f3sz\u00edn\u0171, hogy az indi\u00e1n falvak k\u00f6rny\u00e9k\u00e9n \u00e9l\u0151 v\u00f6r\u00f6s farkasok \u00e9s az \u0151slakos amerikai kuty\u00e1k keresztez\u00e9s\u00e9b\u0151l j\u00f6tt l\u00e9tre. Egy dolog biztos. A leop\u00e1rdkutya egy v\u00e9rbeli amerikai, sokoldal\u00fa munkakutya. Louisiana \u00e1llam korm\u00e1nyz\u00f3ja az \u00e1llam kuty\u00e1j\u00e1nak titul\u00e1lta e nemes fajt\u00e1t.","breadcrumb":{"@id":"https:\/\/leopard.dog\/en\/hu\/#breadcrumb"},"inLanguage":"en-US","potentialAction":[{"@type":"ReadAction","target":["https:\/\/leopard.dog\/en\/hu\/"]}]},{"@type":"BreadcrumbList","@id":"https:\/\/leopard.dog\/en\/hu\/#breadcrumb","itemListElement":[{"@type":"ListItem","position":1,"name":"Home","item":"http:\/\/leopard.dog\/"},{"@type":"ListItem","position":2,"name":"Kezd\u0151lap"}]},{"@type":"WebSite","@id":"http:\/\/leopard.dog\/#website","url":"http:\/\/leopard.dog\/","name":"Delight Catahoulas Hungary","description":"The leopard dog kennel","publisher":{"@id":"http:\/\/leopard.dog\/#organization"},"potentialAction":[{"@type":"SearchAction","target":{"@type":"EntryPoint","urlTemplate":"http:\/\/leopard.dog\/?s={search_term_string}"},"query-input":{"@type":"PropertyValueSpecification","valueRequired":true,"valueName":"search_term_string"}}],"inLanguage":"en-US"},{"@type":"Organization","@id":"http:\/\/leopard.dog\/#organization","name":"Delight kennel","url":"http:\/\/leopard.dog\/","logo":{"@type":"ImageObject","inLanguage":"en-US","@id":"http:\/\/leopard.dog\/#\/schema\/logo\/image\/","url":"http:\/\/leopard.dog\/wp-content\/uploads\/2016\/10\/cropped-delightkennel_fb-logo.png","contentUrl":"http:\/\/leopard.dog\/wp-content\/uploads\/2016\/10\/cropped-delightkennel_fb-logo.png","width":512,"height":512,"caption":"Delight kennel"},"image":{"@id":"http:\/\/leopard.dog\/#\/schema\/logo\/image\/"}}]}},"_links":{"self":[{"href":"http:\/\/leopard.dog\/en\/wp-json\/wp\/v2\/pages\/312","targetHints":{"allow":["GET"]}}],"collection":[{"href":"http:\/\/leopard.dog\/en\/wp-json\/wp\/v2\/pages"}],"about":[{"href":"http:\/\/leopard.dog\/en\/wp-json\/wp\/v2\/types\/page"}],"author":[{"embeddable":true,"href":"http:\/\/leopard.dog\/en\/wp-json\/wp\/v2\/users\/1"}],"replies":[{"embeddable":true,"href":"http:\/\/leopard.dog\/en\/wp-json\/wp\/v2\/comments?post=312"}],"version-history":[{"count":67,"href":"http:\/\/leopard.dog\/en\/wp-json\/wp\/v2\/pages\/312\/revisions"}],"predecessor-version":[{"id":1145,"href":"http:\/\/leopard.dog\/en\/wp-json\/wp\/v2\/pages\/312\/revisions\/1145"}],"wp:attachment":[{"href":"http:\/\/leopard.dog\/en\/wp-json\/wp\/v2\/media?parent=312"}],"curies":[{"name":"wp","href":"https:\/\/api.w.org\/{rel}","templated":true}]}}