{"id":1425,"date":"2022-10-21T20:44:54","date_gmt":"2022-10-21T18:44:54","guid":{"rendered":"http:\/\/leopard.dog\/?page_id=1425"},"modified":"2022-10-21T20:49:57","modified_gmt":"2022-10-21T18:49:57","slug":"wyatt","status":"publish","type":"page","link":"https:\/\/leopard.dog\/en\/wyatt\/","title":{"rendered":"Wyatt"},"content":{"rendered":"<div data-elementor-type=\"wp-page\" data-elementor-id=\"1425\" class=\"elementor elementor-1425\" data-elementor-post-type=\"page\">\n\t\t\t\t\t\t<section class=\"elementor-section elementor-top-section elementor-element elementor-element-7b30911 elementor-section-full_width elementor-section-height-default elementor-section-height-default\" data-id=\"7b30911\" data-element_type=\"section\" data-settings=\"{&quot;background_background&quot;:&quot;classic&quot;}\">\n\t\t\t\t\t\t<div class=\"elementor-container elementor-column-gap-no\">\n\t\t\t\t\t<div class=\"elementor-column elementor-col-100 elementor-top-column elementor-element elementor-element-f537ba7\" data-id=\"f537ba7\" data-element_type=\"column\">\n\t\t\t<div class=\"elementor-widget-wrap elementor-element-populated\">\n\t\t\t\t\t\t<div class=\"elementor-element elementor-element-7e940c3 elementor-widget elementor-widget-image\" data-id=\"7e940c3\" data-element_type=\"widget\" data-widget_type=\"image.default\">\n\t\t\t\t<div class=\"elementor-widget-container\">\n\t\t\t\t\t\t\t\t\t\t\t\t\t\t\t<img fetchpriority=\"high\" decoding=\"async\" width=\"960\" height=\"640\" src=\"https:\/\/leopard.dog\/wp-content\/uploads\/2021\/01\/33226088_1986031728379120_1141424620184797184_n.jpg\" class=\"attachment-full size-full wp-image-1196\" alt=\"\" srcset=\"https:\/\/leopard.dog\/wp-content\/uploads\/2021\/01\/33226088_1986031728379120_1141424620184797184_n.jpg 960w, https:\/\/leopard.dog\/wp-content\/uploads\/2021\/01\/33226088_1986031728379120_1141424620184797184_n-300x200.jpg 300w, https:\/\/leopard.dog\/wp-content\/uploads\/2021\/01\/33226088_1986031728379120_1141424620184797184_n-768x512.jpg 768w, https:\/\/leopard.dog\/wp-content\/uploads\/2021\/01\/33226088_1986031728379120_1141424620184797184_n-16x12.jpg 16w, https:\/\/leopard.dog\/wp-content\/uploads\/2021\/01\/33226088_1986031728379120_1141424620184797184_n-848x565.jpg 848w, https:\/\/leopard.dog\/wp-content\/uploads\/2021\/01\/33226088_1986031728379120_1141424620184797184_n-272x182.jpg 272w\" sizes=\"(max-width: 960px) 100vw, 960px\" \/>\t\t\t\t\t\t\t\t\t\t\t\t\t\t\t<\/div>\n\t\t\t\t<\/div>\n\t\t\t\t<section class=\"elementor-section elementor-inner-section elementor-element elementor-element-b377e40 elementor-section-boxed elementor-section-height-default elementor-section-height-default\" data-id=\"b377e40\" data-element_type=\"section\">\n\t\t\t\t\t\t<div class=\"elementor-container elementor-column-gap-default\">\n\t\t\t\t\t<div class=\"elementor-column elementor-col-50 elementor-inner-column elementor-element elementor-element-ed6e39f\" data-id=\"ed6e39f\" data-element_type=\"column\">\n\t\t\t<div class=\"elementor-widget-wrap\">\n\t\t\t\t\t\t\t<\/div>\n\t\t<\/div>\n\t\t\t\t<div class=\"elementor-column elementor-col-50 elementor-inner-column elementor-element elementor-element-6024828\" data-id=\"6024828\" data-element_type=\"column\">\n\t\t\t<div class=\"elementor-widget-wrap\">\n\t\t\t\t\t\t\t<\/div>\n\t\t<\/div>\n\t\t\t\t\t<\/div>\n\t\t<\/section>\n\t\t\t\t\t<\/div>\n\t\t<\/div>\n\t\t\t\t\t<\/div>\n\t\t<\/section>\n\t\t\t\t<section class=\"elementor-section elementor-top-section elementor-element elementor-element-6fd0063a elementor-section-boxed elementor-section-height-default elementor-section-height-default\" data-id=\"6fd0063a\" data-element_type=\"section\">\n\t\t\t\t\t\t<div class=\"elementor-container elementor-column-gap-default\">\n\t\t\t\t\t<div class=\"elementor-column elementor-col-100 elementor-top-column elementor-element elementor-element-25dcdfab\" data-id=\"25dcdfab\" data-element_type=\"column\">\n\t\t\t<div class=\"elementor-widget-wrap elementor-element-populated\">\n\t\t\t\t\t\t<div class=\"elementor-element elementor-element-7984b291 elementor-widget elementor-widget-text-editor\" data-id=\"7984b291\" data-element_type=\"widget\" data-widget_type=\"text-editor.default\">\n\t\t\t\t<div class=\"elementor-widget-container\">\n\t\t\t\t\t\t\t\t\t<div class=\"vc_row wpb_row vc_row-fluid\"><div class=\"wpb_column vc_column_container vc_col-sm-6\"><div class=\"vc_column-inner\"><div class=\"wpb_wrapper\">\n\t<div class=\"wpb_raw_code wpb_content_element wpb_raw_html\" >\n\t\t<div class=\"wpb_wrapper\">\n\t\t\t<table class=\"dog-datasheet\">\n  <tbody>\n    <tr>\n      <td class=\"dog-title\">Calling name:<\/td>\n      <td class=\"dog-data\">Evie<\/td>\n    <\/tr>\n     <tr>\n      <td class=\"dog-title\">DOB:<\/td>\n      <td class=\"dog-data\">2019.12.09 <\/td>\n    <\/tr>\n     <tr>\n      <td class=\"dog-title\">Color:<\/td>\n      <td class=\"dog-data\">fekete szolid, tigris \u00e9s feh\u00e9r jegyekkel<\/td>\n    <\/tr>\n     <tr>\n      <td class=\"dog-title\">Eyes (R\/L):<\/td>\n      <td class=\"dog-data\">borosty\u00e1n<\/td>\n    <\/tr>\n     <tr>\n      <td class=\"dog-title\">Teeth:<\/td>\n      <td class=\"dog-data\">full dentition, scissors<\/td>\n    <\/tr>\n     <tr>\n      <td class=\"dog-title\">Height:<\/td>\n      <td class=\"dog-data\">60 cm<\/td>\n    <\/tr>\n     <tr>\n      <td class=\"dog-title\">Weight:<\/td>\n      <td class=\"dog-data\">24 kg<\/td>\n    <\/tr>\n     <tr>\n      <td class=\"dog-title\">&nbsp;<\/td>\n      <td class=\"dog-data\">&nbsp;<\/td>\n    <\/tr>\n    <tr>\n      <td class=\"dog-title\">Hip displasia test:<\/td>\n      <td class=\"dog-data\">&#8211;<\/td>\n    <\/tr>\n    <tr>\n      <td class=\"dog-title\">OCD:<\/td>\n      <td class=\"dog-data\">.<\/td>\n    <\/tr>\n    <tr>\n      <td class=\"dog-title\">Merle gene test:<\/td>\n      <td class=\"dog-data\">&#8211;<\/td>\n    <\/tr>\n    <tr>\n      <td class=\"dog-title\">Ehlers-Danlos test:<\/td>\n      <td class=\"dog-data\">&#8211;<\/td>\n    <\/tr>\n<tr>\n      <td class=\"dog-title\">DM teszt:<\/td>\n      <td class=\"dog-data\">neg.<\/td>\n    <\/tr>\n<tr>\n      <td class=\"dog-title\">BAER-teszt:<\/td>\n      <td class=\"dog-data\">+\/+ bilateral hearing<\/td>\n    <\/tr>\n   <tr>\n      <td class=\"dog-title\">&nbsp;<\/td>\n      <td class=\"dog-data\">&nbsp;<\/td>\n    <\/tr>\n    <tr>\n      <td class=\"dog-title\">Sire:<\/td>\n      <td class=\"dog-data\">\nStones Throw&#8217;s Drago (USA)<br>\nConformation Champion NALC\n<\/td>\n    <\/tr>\n    <tr>\n      <td class=\"dog-title\">Dam:<\/td>\n      <td class=\"dog-data\">Wyanet&#8217;s Calusa (SK)<br>\nTerel\u0151 munkakutya, triflakutya\n<\/td>\n    <\/tr>\n  <\/tbody>\n<\/table>\n\t\t<\/div>\n\t<\/div>\n<\/div><\/div><\/div><div class=\"wpb_column vc_column_container vc_col-sm-6\"><div class=\"vc_column-inner\"><div class=\"wpb_wrapper\"><div class=\"sec-image dog-image\"><img decoding=\"async\" src=\"https:\/\/leopard.dog\/wp-content\/uploads\/2020\/10\/catahoula-evie.jpg\" style=\"width:;height:580px;float:;margin:;padding:;position:;top:;bottom:;right:;left:;\" alt=\"img\" class=\"img-responsive\"\/><\/div><\/div><\/div><\/div><\/div><div class=\"vc_row wpb_row vc_row-fluid\"><div class=\"wpb_column vc_column_container vc_col-sm-12\"><div class=\"vc_column-inner\"><div class=\"wpb_wrapper\">\n\t\t     <div class=\"text-title section-sub-title\" style=\"background:;\">\n\t\t\t <article class=\"section-title-body\">\n\t\t\t <h1 class=\"head-title\" style=\"margin:;padding:; color:; font-size:; font-weight:; line-height:; text-align:; text-transform:;\">\n<h3>Characteristics:<\/h3>\n<\/h1>\n\t\t\t <\/article>\n\t\t\t <\/div>\n                \n\t\t\t\t\n\t\t     <div class=\"sec-text\" style=\"background:; float:;\">\n\t\t\t <p style=\"margin:;padding:; color:; font-size:14px; font-weight:; line-height:; text-align:left; text-transform:;\">Evie az els\u0151 saj\u00e1t teny\u00e9szt\u00e9s\u0171 kuty\u00e1nk, aki n\u00e1lunk maradt. Tudatos v\u00e1laszt\u00e1s volt mind a sz\u00edne, v\u00e9rvonala \u00e9s szem\u00e9lyis\u00e9ge alapj\u00e1n. Apja egy igen neves Amerikai kan volt, az \u00e1lomb\u00f3l sz\u00e1rmaznak az utols\u00f3 k\u00f6lyk\u00f6k t\u0151le Eur\u00f3p\u00e1ban. Anyja Esca, akit\u0151l akt\u00edv term\u00e9szet\u00e9t \u00f6r\u00f6k\u00f6lte.\n\nIgazi p\u00f6rg\u0151s, nagyon intelligens fiatal Leop\u00e1rd, orra kiv\u00e1l\u00f3, mozg\u00e1sa gyors \u00e9s \u00fcgyes. Egyenl\u0151re a szagmunka t\u0171nik az \u0151 \u00fatj\u00e1nak, de a sportban \u00e9s sz\u00e9ps\u00e9ge miatt ki\u00e1ll\u00edt\u00e1son is kipr\u00f3b\u00e1ljuk \u0151t.\n\nOtthon nagyon b\u00faj\u00f3s, idegen emberekkel el\u0151sz\u00f6r tart\u00f3zkod\u00f3, de bar\u00e1tkozik.<\/p>\n\t\t\t <\/div>\n                \n\t\t\t\t<\/div><\/div><\/div><\/div>\t\t\t\t\t\t\t\t<\/div>\n\t\t\t\t<\/div>\n\t\t\t\t\t<\/div>\n\t\t<\/div>\n\t\t\t\t\t<\/div>\n\t\t<\/section>\n\t\t\t\t<\/div>","protected":false},"excerpt":{"rendered":"H\u00edv\u00f3n\u00e9v: Evie DOB: 2019.12.09 Sz\u00edn: fekete szolid, tigris \u00e9s feh\u00e9r jegyekkel Szemek (J\/B): borosty\u00e1n Fogak: teljes fogazat, oll\u00f3s harap\u00e1s Magass\u00e1g: 60 cm T\u00f6meg: 24 kg &nbsp; &nbsp; Diszpl\u00e1zia sz\u0171r\u00e9s: - OCD: . Merle g\u00e9n teszt: - Ehlers-Danlos teszt: - DM teszt: negat\u00edv BAER-teszt: +\/+ k\u00e9toldali hall\u00e1s &nbsp; &nbsp; Apa: Stones Throw's Drago (USA) Conformation Champion [...]","protected":false},"author":1,"featured_media":1196,"parent":0,"menu_order":0,"comment_status":"closed","ping_status":"closed","template":"","meta":{"_exactmetrics_skip_tracking":false,"_exactmetrics_sitenote_active":false,"_exactmetrics_sitenote_note":"","_exactmetrics_sitenote_category":0,"footnotes":""},"class_list":["post-1425","page","type-page","status-publish","has-post-thumbnail","hentry"],"yoast_head":"<!-- This site is optimized with the Yoast SEO plugin v24.2 - https:\/\/yoast.com\/wordpress\/plugins\/seo\/ -->\n<title>Evie - Delight Catahoulas<\/title>\n<meta name=\"description\" content=\"Evie az els\u0151 saj\u00e1t teny\u00e9szt\u00e9s\u0171 kuty\u00e1nk, aki n\u00e1lunk maradt. Tudatos v\u00e1laszt\u00e1s volt mind a sz\u00edne, v\u00e9rvonala \u00e9s szem\u00e9lyis\u00e9ge alapj\u00e1n. Apja egy igen neves Amerikai kan volt, az \u00e1lomb\u00f3l sz\u00e1rmaznak az utols\u00f3 k\u00f6lyk\u00f6k t\u0151le Eur\u00f3p\u00e1ban. Anyja Esca, akit\u0151l akt\u00edv term\u00e9szet\u00e9t \u00f6r\u00f6k\u00f6lte.Igazi p\u00f6rg\u0151s, nagyon intelligens fiatal Leop\u00e1rd, orra kiv\u00e1l\u00f3, mozg\u00e1sa gyors \u00e9s \u00fcgyes. Egyenl\u0151re a szagmunka t\u0171nik az \u0151 \u00fatj\u00e1nak, de a sportban \u00e9s sz\u00e9ps\u00e9ge miatt ki\u00e1ll\u00edt\u00e1son is kipr\u00f3b\u00e1ljuk \u0151t. Otthon nagyon b\u00faj\u00f3s, idegen emberekkel el\u0151sz\u00f6r tart\u00f3zkod\u00f3, de bar\u00e1tkozik\" \/>\n<meta name=\"robots\" content=\"index, follow, max-snippet:-1, max-image-preview:large, max-video-preview:-1\" \/>\n<link rel=\"canonical\" href=\"https:\/\/leopard.dog\/en\/wyatt\/\" \/>\n<meta property=\"og:locale\" content=\"en_US\" \/>\n<meta property=\"og:type\" content=\"article\" \/>\n<meta property=\"og:title\" content=\"Evie - Delight Catahoulas\" \/>\n<meta property=\"og:description\" content=\"Evie az els\u0151 saj\u00e1t teny\u00e9szt\u00e9s\u0171 kuty\u00e1nk, aki n\u00e1lunk maradt. Tudatos v\u00e1laszt\u00e1s volt mind a sz\u00edne, v\u00e9rvonala \u00e9s szem\u00e9lyis\u00e9ge alapj\u00e1n. Apja egy igen neves Amerikai kan volt, az \u00e1lomb\u00f3l sz\u00e1rmaznak az utols\u00f3 k\u00f6lyk\u00f6k t\u0151le Eur\u00f3p\u00e1ban. Anyja Esca, akit\u0151l akt\u00edv term\u00e9szet\u00e9t \u00f6r\u00f6k\u00f6lte.Igazi p\u00f6rg\u0151s, nagyon intelligens fiatal Leop\u00e1rd, orra kiv\u00e1l\u00f3, mozg\u00e1sa gyors \u00e9s \u00fcgyes. Egyenl\u0151re a szagmunka t\u0171nik az \u0151 \u00fatj\u00e1nak, de a sportban \u00e9s sz\u00e9ps\u00e9ge miatt ki\u00e1ll\u00edt\u00e1son is kipr\u00f3b\u00e1ljuk \u0151t. Otthon nagyon b\u00faj\u00f3s, idegen emberekkel el\u0151sz\u00f6r tart\u00f3zkod\u00f3, de bar\u00e1tkozik\" \/>\n<meta property=\"og:url\" content=\"https:\/\/leopard.dog\/en\/wyatt\/\" \/>\n<meta property=\"og:site_name\" content=\"Delight Catahoulas Hungary\" \/>\n<meta property=\"article:modified_time\" content=\"2022-10-21T18:49:57+00:00\" \/>\n<meta property=\"og:image\" content=\"https:\/\/leopard.dog\/wp-content\/uploads\/2021\/01\/33226088_1986031728379120_1141424620184797184_n.jpg\" \/>\n\t<meta property=\"og:image:width\" content=\"960\" \/>\n\t<meta property=\"og:image:height\" content=\"640\" \/>\n\t<meta property=\"og:image:type\" content=\"image\/jpeg\" \/>\n<meta name=\"twitter:card\" content=\"summary_large_image\" \/>\n<meta name=\"twitter:label1\" content=\"Est. reading time\" \/>\n\t<meta name=\"twitter:data1\" content=\"1 minute\" \/>\n<script type=\"application\/ld+json\" class=\"yoast-schema-graph\">{\"@context\":\"https:\/\/schema.org\",\"@graph\":[{\"@type\":\"WebPage\",\"@id\":\"https:\/\/leopard.dog\/wyatt\/\",\"url\":\"https:\/\/leopard.dog\/wyatt\/\",\"name\":\"Evie - Delight Catahoulas\",\"isPartOf\":{\"@id\":\"http:\/\/leopard.dog\/en\/#website\"},\"primaryImageOfPage\":{\"@id\":\"https:\/\/leopard.dog\/wyatt\/#primaryimage\"},\"image\":{\"@id\":\"https:\/\/leopard.dog\/wyatt\/#primaryimage\"},\"thumbnailUrl\":\"https:\/\/leopard.dog\/wp-content\/uploads\/2021\/01\/33226088_1986031728379120_1141424620184797184_n.jpg\",\"datePublished\":\"2022-10-21T18:44:54+00:00\",\"dateModified\":\"2022-10-21T18:49:57+00:00\",\"description\":\"Evie az els\u0151 saj\u00e1t teny\u00e9szt\u00e9s\u0171 kuty\u00e1nk, aki n\u00e1lunk maradt. Tudatos v\u00e1laszt\u00e1s volt mind a sz\u00edne, v\u00e9rvonala \u00e9s szem\u00e9lyis\u00e9ge alapj\u00e1n. Apja egy igen neves Amerikai kan volt, az \u00e1lomb\u00f3l sz\u00e1rmaznak az utols\u00f3 k\u00f6lyk\u00f6k t\u0151le Eur\u00f3p\u00e1ban. Anyja Esca, akit\u0151l akt\u00edv term\u00e9szet\u00e9t \u00f6r\u00f6k\u00f6lte.Igazi p\u00f6rg\u0151s, nagyon intelligens fiatal Leop\u00e1rd, orra kiv\u00e1l\u00f3, mozg\u00e1sa gyors \u00e9s \u00fcgyes. Egyenl\u0151re a szagmunka t\u0171nik az \u0151 \u00fatj\u00e1nak, de a sportban \u00e9s sz\u00e9ps\u00e9ge miatt ki\u00e1ll\u00edt\u00e1son is kipr\u00f3b\u00e1ljuk \u0151t. Otthon nagyon b\u00faj\u00f3s, idegen emberekkel el\u0151sz\u00f6r tart\u00f3zkod\u00f3, de bar\u00e1tkozik\",\"breadcrumb\":{\"@id\":\"https:\/\/leopard.dog\/wyatt\/#breadcrumb\"},\"inLanguage\":\"en-US\",\"potentialAction\":[{\"@type\":\"ReadAction\",\"target\":[\"https:\/\/leopard.dog\/wyatt\/\"]}]},{\"@type\":\"ImageObject\",\"inLanguage\":\"en-US\",\"@id\":\"https:\/\/leopard.dog\/wyatt\/#primaryimage\",\"url\":\"https:\/\/leopard.dog\/wp-content\/uploads\/2021\/01\/33226088_1986031728379120_1141424620184797184_n.jpg\",\"contentUrl\":\"https:\/\/leopard.dog\/wp-content\/uploads\/2021\/01\/33226088_1986031728379120_1141424620184797184_n.jpg\",\"width\":960,\"height\":640},{\"@type\":\"BreadcrumbList\",\"@id\":\"https:\/\/leopard.dog\/wyatt\/#breadcrumb\",\"itemListElement\":[{\"@type\":\"ListItem\",\"position\":1,\"name\":\"Home\",\"item\":\"http:\/\/leopard.dog\/en\/\"},{\"@type\":\"ListItem\",\"position\":2,\"name\":\"Wyatt\"}]},{\"@type\":\"WebSite\",\"@id\":\"http:\/\/leopard.dog\/en\/#website\",\"url\":\"http:\/\/leopard.dog\/en\/\",\"name\":\"Delight Catahoulas Hungary\",\"description\":\"The leopard dog kennel\",\"publisher\":{\"@id\":\"http:\/\/leopard.dog\/en\/#organization\"},\"potentialAction\":[{\"@type\":\"SearchAction\",\"target\":{\"@type\":\"EntryPoint\",\"urlTemplate\":\"http:\/\/leopard.dog\/en\/?s={search_term_string}\"},\"query-input\":{\"@type\":\"PropertyValueSpecification\",\"valueRequired\":true,\"valueName\":\"search_term_string\"}}],\"inLanguage\":\"en-US\"},{\"@type\":\"Organization\",\"@id\":\"http:\/\/leopard.dog\/en\/#organization\",\"name\":\"Delight kennel\",\"url\":\"http:\/\/leopard.dog\/en\/\",\"logo\":{\"@type\":\"ImageObject\",\"inLanguage\":\"en-US\",\"@id\":\"http:\/\/leopard.dog\/en\/#\/schema\/logo\/image\/\",\"url\":\"http:\/\/leopard.dog\/wp-content\/uploads\/2016\/10\/cropped-delightkennel_fb-logo.png\",\"contentUrl\":\"http:\/\/leopard.dog\/wp-content\/uploads\/2016\/10\/cropped-delightkennel_fb-logo.png\",\"width\":512,\"height\":512,\"caption\":\"Delight kennel\"},\"image\":{\"@id\":\"http:\/\/leopard.dog\/en\/#\/schema\/logo\/image\/\"}}]}<\/script>\n<!-- \/ Yoast SEO plugin. -->","yoast_head_json":{"title":"Evie - Delight Catahoulas","description":"Evie az els\u0151 saj\u00e1t teny\u00e9szt\u00e9s\u0171 kuty\u00e1nk, aki n\u00e1lunk maradt. Tudatos v\u00e1laszt\u00e1s volt mind a sz\u00edne, v\u00e9rvonala \u00e9s szem\u00e9lyis\u00e9ge alapj\u00e1n. Apja egy igen neves Amerikai kan volt, az \u00e1lomb\u00f3l sz\u00e1rmaznak az utols\u00f3 k\u00f6lyk\u00f6k t\u0151le Eur\u00f3p\u00e1ban. Anyja Esca, akit\u0151l akt\u00edv term\u00e9szet\u00e9t \u00f6r\u00f6k\u00f6lte.Igazi p\u00f6rg\u0151s, nagyon intelligens fiatal Leop\u00e1rd, orra kiv\u00e1l\u00f3, mozg\u00e1sa gyors \u00e9s \u00fcgyes. Egyenl\u0151re a szagmunka t\u0171nik az \u0151 \u00fatj\u00e1nak, de a sportban \u00e9s sz\u00e9ps\u00e9ge miatt ki\u00e1ll\u00edt\u00e1son is kipr\u00f3b\u00e1ljuk \u0151t. Otthon nagyon b\u00faj\u00f3s, idegen emberekkel el\u0151sz\u00f6r tart\u00f3zkod\u00f3, de bar\u00e1tkozik","robots":{"index":"index","follow":"follow","max-snippet":"max-snippet:-1","max-image-preview":"max-image-preview:large","max-video-preview":"max-video-preview:-1"},"canonical":"https:\/\/leopard.dog\/en\/wyatt\/","og_locale":"en_US","og_type":"article","og_title":"Evie - Delight Catahoulas","og_description":"Evie az els\u0151 saj\u00e1t teny\u00e9szt\u00e9s\u0171 kuty\u00e1nk, aki n\u00e1lunk maradt. Tudatos v\u00e1laszt\u00e1s volt mind a sz\u00edne, v\u00e9rvonala \u00e9s szem\u00e9lyis\u00e9ge alapj\u00e1n. Apja egy igen neves Amerikai kan volt, az \u00e1lomb\u00f3l sz\u00e1rmaznak az utols\u00f3 k\u00f6lyk\u00f6k t\u0151le Eur\u00f3p\u00e1ban. Anyja Esca, akit\u0151l akt\u00edv term\u00e9szet\u00e9t \u00f6r\u00f6k\u00f6lte.Igazi p\u00f6rg\u0151s, nagyon intelligens fiatal Leop\u00e1rd, orra kiv\u00e1l\u00f3, mozg\u00e1sa gyors \u00e9s \u00fcgyes. Egyenl\u0151re a szagmunka t\u0171nik az \u0151 \u00fatj\u00e1nak, de a sportban \u00e9s sz\u00e9ps\u00e9ge miatt ki\u00e1ll\u00edt\u00e1son is kipr\u00f3b\u00e1ljuk \u0151t. Otthon nagyon b\u00faj\u00f3s, idegen emberekkel el\u0151sz\u00f6r tart\u00f3zkod\u00f3, de bar\u00e1tkozik","og_url":"https:\/\/leopard.dog\/en\/wyatt\/","og_site_name":"Delight Catahoulas Hungary","article_modified_time":"2022-10-21T18:49:57+00:00","og_image":[{"width":960,"height":640,"url":"https:\/\/leopard.dog\/wp-content\/uploads\/2021\/01\/33226088_1986031728379120_1141424620184797184_n.jpg","type":"image\/jpeg"}],"twitter_card":"summary_large_image","twitter_misc":{"Est. reading time":"1 minute"},"schema":{"@context":"https:\/\/schema.org","@graph":[{"@type":"WebPage","@id":"https:\/\/leopard.dog\/wyatt\/","url":"https:\/\/leopard.dog\/wyatt\/","name":"Evie - Delight Catahoulas","isPartOf":{"@id":"http:\/\/leopard.dog\/en\/#website"},"primaryImageOfPage":{"@id":"https:\/\/leopard.dog\/wyatt\/#primaryimage"},"image":{"@id":"https:\/\/leopard.dog\/wyatt\/#primaryimage"},"thumbnailUrl":"https:\/\/leopard.dog\/wp-content\/uploads\/2021\/01\/33226088_1986031728379120_1141424620184797184_n.jpg","datePublished":"2022-10-21T18:44:54+00:00","dateModified":"2022-10-21T18:49:57+00:00","description":"Evie az els\u0151 saj\u00e1t teny\u00e9szt\u00e9s\u0171 kuty\u00e1nk, aki n\u00e1lunk maradt. Tudatos v\u00e1laszt\u00e1s volt mind a sz\u00edne, v\u00e9rvonala \u00e9s szem\u00e9lyis\u00e9ge alapj\u00e1n. Apja egy igen neves Amerikai kan volt, az \u00e1lomb\u00f3l sz\u00e1rmaznak az utols\u00f3 k\u00f6lyk\u00f6k t\u0151le Eur\u00f3p\u00e1ban. Anyja Esca, akit\u0151l akt\u00edv term\u00e9szet\u00e9t \u00f6r\u00f6k\u00f6lte.Igazi p\u00f6rg\u0151s, nagyon intelligens fiatal Leop\u00e1rd, orra kiv\u00e1l\u00f3, mozg\u00e1sa gyors \u00e9s \u00fcgyes. Egyenl\u0151re a szagmunka t\u0171nik az \u0151 \u00fatj\u00e1nak, de a sportban \u00e9s sz\u00e9ps\u00e9ge miatt ki\u00e1ll\u00edt\u00e1son is kipr\u00f3b\u00e1ljuk \u0151t. Otthon nagyon b\u00faj\u00f3s, idegen emberekkel el\u0151sz\u00f6r tart\u00f3zkod\u00f3, de bar\u00e1tkozik","breadcrumb":{"@id":"https:\/\/leopard.dog\/wyatt\/#breadcrumb"},"inLanguage":"en-US","potentialAction":[{"@type":"ReadAction","target":["https:\/\/leopard.dog\/wyatt\/"]}]},{"@type":"ImageObject","inLanguage":"en-US","@id":"https:\/\/leopard.dog\/wyatt\/#primaryimage","url":"https:\/\/leopard.dog\/wp-content\/uploads\/2021\/01\/33226088_1986031728379120_1141424620184797184_n.jpg","contentUrl":"https:\/\/leopard.dog\/wp-content\/uploads\/2021\/01\/33226088_1986031728379120_1141424620184797184_n.jpg","width":960,"height":640},{"@type":"BreadcrumbList","@id":"https:\/\/leopard.dog\/wyatt\/#breadcrumb","itemListElement":[{"@type":"ListItem","position":1,"name":"Home","item":"http:\/\/leopard.dog\/en\/"},{"@type":"ListItem","position":2,"name":"Wyatt"}]},{"@type":"WebSite","@id":"http:\/\/leopard.dog\/en\/#website","url":"http:\/\/leopard.dog\/en\/","name":"Delight Catahoulas Hungary","description":"The leopard dog kennel","publisher":{"@id":"http:\/\/leopard.dog\/en\/#organization"},"potentialAction":[{"@type":"SearchAction","target":{"@type":"EntryPoint","urlTemplate":"http:\/\/leopard.dog\/en\/?s={search_term_string}"},"query-input":{"@type":"PropertyValueSpecification","valueRequired":true,"valueName":"search_term_string"}}],"inLanguage":"en-US"},{"@type":"Organization","@id":"http:\/\/leopard.dog\/en\/#organization","name":"Delight kennel","url":"http:\/\/leopard.dog\/en\/","logo":{"@type":"ImageObject","inLanguage":"en-US","@id":"http:\/\/leopard.dog\/en\/#\/schema\/logo\/image\/","url":"http:\/\/leopard.dog\/wp-content\/uploads\/2016\/10\/cropped-delightkennel_fb-logo.png","contentUrl":"http:\/\/leopard.dog\/wp-content\/uploads\/2016\/10\/cropped-delightkennel_fb-logo.png","width":512,"height":512,"caption":"Delight kennel"},"image":{"@id":"http:\/\/leopard.dog\/en\/#\/schema\/logo\/image\/"}}]}},"_links":{"self":[{"href":"https:\/\/leopard.dog\/en\/wp-json\/wp\/v2\/pages\/1425","targetHints":{"allow":["GET"]}}],"collection":[{"href":"https:\/\/leopard.dog\/en\/wp-json\/wp\/v2\/pages"}],"about":[{"href":"https:\/\/leopard.dog\/en\/wp-json\/wp\/v2\/types\/page"}],"author":[{"embeddable":true,"href":"https:\/\/leopard.dog\/en\/wp-json\/wp\/v2\/users\/1"}],"replies":[{"embeddable":true,"href":"https:\/\/leopard.dog\/en\/wp-json\/wp\/v2\/comments?post=1425"}],"version-history":[{"count":10,"href":"https:\/\/leopard.dog\/en\/wp-json\/wp\/v2\/pages\/1425\/revisions"}],"predecessor-version":[{"id":1435,"href":"https:\/\/leopard.dog\/en\/wp-json\/wp\/v2\/pages\/1425\/revisions\/1435"}],"wp:featuredmedia":[{"embeddable":true,"href":"https:\/\/leopard.dog\/en\/wp-json\/wp\/v2\/media\/1196"}],"wp:attachment":[{"href":"https:\/\/leopard.dog\/en\/wp-json\/wp\/v2\/media?parent=1425"}],"curies":[{"name":"wp","href":"https:\/\/api.w.org\/{rel}","templated":true}]}}