{"id":522,"date":"2016-12-22T00:08:32","date_gmt":"2016-12-21T22:08:32","guid":{"rendered":"http:\/\/leopard.dog\/?page_id=522"},"modified":"2018-11-30T00:35:06","modified_gmt":"2018-11-29T22:35:06","slug":"leopardkutya","status":"publish","type":"page","link":"https:\/\/leopard.dog\/en\/leopardkutya\/","title":{"rendered":"The Louisiana Catahoula Leopard dog"},"content":{"rendered":"<div class=\"vc_row wpb_row vc_row-fluid\"><div class=\"wpb_column vc_column_container vc_col-sm-12\"><div class=\"vc_column-inner\"><div class=\"wpb_wrapper\">\n\t<div class=\"wpb_text_column wpb_content_element\" >\n\t\t<div class=\"wpb_wrapper\">\n\t\t\t<h3 style=\"text-align: center;\">The Louisiana Catahoula Leopard dog<\/h3>\n\n\t\t<\/div>\n\t<\/div>\n\n\t<div  class=\"wpb_single_image wpb_content_element vc_align_center   leoparddog-pic-fullwidth\">\n\t\t\n\t\t<figure class=\"wpb_wrapper vc_figure\">\n\t\t\t<div class=\"vc_single_image-wrapper   vc_box_border_grey\"><img fetchpriority=\"high\" decoding=\"async\" width=\"1200\" height=\"800\" src=\"https:\/\/leopard.dog\/wp-content\/uploads\/2016\/12\/DSC_2261.jpg\" class=\"vc_single_image-img attachment-full\" alt=\"\" srcset=\"https:\/\/leopard.dog\/wp-content\/uploads\/2016\/12\/DSC_2261.jpg 1200w, https:\/\/leopard.dog\/wp-content\/uploads\/2016\/12\/DSC_2261-300x200.jpg 300w, https:\/\/leopard.dog\/wp-content\/uploads\/2016\/12\/DSC_2261-768x512.jpg 768w, https:\/\/leopard.dog\/wp-content\/uploads\/2016\/12\/DSC_2261-1024x683.jpg 1024w, https:\/\/leopard.dog\/wp-content\/uploads\/2016\/12\/DSC_2261-600x400.jpg 600w, https:\/\/leopard.dog\/wp-content\/uploads\/2016\/12\/DSC_2261-848x565.jpg 848w\" sizes=\"(max-width: 1200px) 100vw, 1200px\" \/><\/div>\n\t\t<\/figure>\n\t<\/div>\n\n\t<div class=\"wpb_text_column wpb_content_element\" >\n\t\t<div class=\"wpb_wrapper\">\n\t\t\t<h4>Short history<\/h4>\n\n\t\t<\/div>\n\t<\/div>\n\n\t<div class=\"wpb_text_column wpb_content_element\" >\n\t\t<div class=\"wpb_wrapper\">\n\t\t\t<p>The real origin of the Catahoula is unknown, old writings say these dogs are the descendants of the red wolf what crossed with native Americans\u2019 dogs.<br \/>\nThey think some other breeds took part in the development of the breed, like molossers, greyhounds and the Beauceron breed who came with European immigrants.<br \/>\nThey quickly recognized that  these interesting looking dogs were very versatile and started to use them, breed them.<br \/>\nOne thing is known, Louisiana Catahoula Leopard Dogs are one of the most versatile working dog breeds in the world.<br \/>\nFrom 9. of July 1979 the Catahoula is the state dog of Louisiana.<br \/>\nAt 1st of January the breed was accepted by the United Kennel Club.<\/p>\n\n\t\t<\/div>\n\t<\/div>\n\n\t<div class=\"wpb_text_column wpb_content_element\" >\n\t\t<div class=\"wpb_wrapper\">\n\t\t\t<h4 style=\"text-align: left;\">Behaviour, temperament<\/h4>\n\n\t\t<\/div>\n\t<\/div>\n\n\t<div class=\"wpb_text_column wpb_content_element\" >\n\t\t<div class=\"wpb_wrapper\">\n\t\t\t<p>The breed is rather vehement and temperamental. <a href=\"http:\/\/leopard.dog\/en\/logan\/\">It literally can energize all of its energy in no time to proceed a task.<\/a> There is difference between boar and bitch, but bitches can also erupt fastly.<br \/>\nWe used to say they have 2 modes: ON and OFF. It does not matter what it is about, work, love or dominance fight, it can be stated that they react very much on everything.<\/p>\n<p>The difficulty of upbringing lays in this also.<\/p>\n<p>The Catahoula is not for everyone! They are beautiful dogs with complex personality and much drive to work<\/p>\n<p>Early socialization needs to start from puppyhood. They need to meet with the world and many new situations, dog friends and people. The positive motivation is very important. It can be easily recognized if a Catahoula puppy didn\u2019t get these! Catahoula puppies are sensitive and learn so fast, they need many input, and every new owner got these advices from us, and they can ask always if they have questions. Instincts are shown early too, in the kennel we used to try it also with puppies.<\/p>\n<p>It is also important to accustom dogs with the same sex to each other. It is rarely smooth within a dominant breed like this. Many claim leopards aggressive dogs but it can not be mixed up with dominance.We should highlight again that the practice of self control and the stability of the leader is how important and essential to avoid conflicts.A well socialized male Catahoula will never start a fight at most cases. Although he will not hesitate for a moment to protect himself if the situation demands it.<\/p>\n<p><img decoding=\"async\" class=\"dog-image-fullwidth aligncenter wp-image-717 size-full\" src=\"http:\/\/leopard.dog\/wp-content\/uploads\/2016\/12\/catahoula-game-e1483543679505.jpg\" alt=\"leop\u00e1rdkutya-j\u00e1t\u00e9k\" width=\"1470\" height=\"701\" srcset=\"https:\/\/leopard.dog\/wp-content\/uploads\/2016\/12\/catahoula-game-e1483543679505.jpg 1470w, https:\/\/leopard.dog\/wp-content\/uploads\/2016\/12\/catahoula-game-e1483543679505-300x143.jpg 300w, https:\/\/leopard.dog\/wp-content\/uploads\/2016\/12\/catahoula-game-e1483543679505-768x366.jpg 768w, https:\/\/leopard.dog\/wp-content\/uploads\/2016\/12\/catahoula-game-e1483543679505-1024x488.jpg 1024w, https:\/\/leopard.dog\/wp-content\/uploads\/2016\/12\/catahoula-game-e1483543679505-600x286.jpg 600w\" sizes=\"(max-width: 1470px) 100vw, 1470px\" \/>Later on it is much easier to do activities, <a href=\"http:\/\/leopard.dog\/en\/eredmenyeink\/\">sport or work<\/a> not to mention dog shows, with a well socialized dog.<\/p>\n<p>A Catahoula needs a family, this breed is not only for guarding the garden. They have so strong feelings, love their human family and need emotions. They have to have limits and rules of course, but their place is IN the family.\nWith foreign people adult Catahoulas are often reserved. This is not rare, they are not unfriendly, just do not care about other people who they don\u2019t know.<\/p>\n\n\t\t<\/div>\n\t<\/div>\n\n\t<div class=\"wpb_text_column wpb_content_element\" >\n\t\t<div class=\"wpb_wrapper\">\n\t\t\t<h4>Work and sport<\/h4>\n\n\t\t<\/div>\n\t<\/div>\n\n\t<div class=\"wpb_text_column wpb_content_element\" >\n\t\t<div class=\"wpb_wrapper\">\n\t\t\t<p>Catahoulas\u2019 working instincts are still the same. Many people only see their beautiful appearance and don\u2019t care about their needs. These choices usually end up with a disappointed person and a dog who needs a new owner...\nEvery future owner needs to keep in mind that this is a working breed and there are many opportunities to do with them.<\/p>\n<p>What works and sports are they good for? <a href=\"https:\/\/www.facebook.com\/pg\/delightleopard\/photos\/?tab=album&amp;album_id=1901412473507713\">Hunting<\/a>, <a href=\"https:\/\/www.facebook.com\/pg\/delightleopard\/photos\/?tab=album&amp;album_id=1672248403090789\">herding<\/a>, <a href=\"https:\/\/www.facebook.com\/pg\/delightleopard\/photos\/?tab=album&amp;album_id=1865178340464460\">dogsports<\/a>, they are good at almost all kinds.<\/p>\n<p><img decoding=\"async\" class=\"dog-image-fullwidth aligncenter wp-image-720 size-full\" src=\"http:\/\/leopard.dog\/wp-content\/uploads\/2016\/12\/catahoula-work-e1483544183277.jpg\" alt=\"leop\u00e1rdkutya-munka\" width=\"1496\" height=\"686\" srcset=\"https:\/\/leopard.dog\/wp-content\/uploads\/2016\/12\/catahoula-work-e1483544183277.jpg 1496w, https:\/\/leopard.dog\/wp-content\/uploads\/2016\/12\/catahoula-work-e1483544183277-300x138.jpg 300w, https:\/\/leopard.dog\/wp-content\/uploads\/2016\/12\/catahoula-work-e1483544183277-768x352.jpg 768w, https:\/\/leopard.dog\/wp-content\/uploads\/2016\/12\/catahoula-work-e1483544183277-1024x470.jpg 1024w, https:\/\/leopard.dog\/wp-content\/uploads\/2016\/12\/catahoula-work-e1483544183277-600x275.jpg 600w\" sizes=\"(max-width: 1496px) 100vw, 1496px\" \/><\/p>\n<p>They love most of the works if they can use their instincts and they can be easily motivated.<br \/>\nThere are sports where they can use it: coursing, track race.<br \/>\nSome other what they love: frisbee, flyball, agility.<br \/>\nReal works for Catahoulas: herding cows, hunting hogs. Luckily these works can be trained in some places in Hungary too, so there is no need to be a farmer or hunter to try what they love the most.<br \/>\nThey enjoy nosework: they can become good at mantrailing, search and rescue and bloodtrailing dogs, some of them good for service dog too.<br \/>\nChoosing activity needs to depend on the dog\u2019s built and drive (and of course our possibilities).<\/p>\n<p>Before all ,they need many socialization and need to build strong relationship with the owner. Any work needs to be based on obedience and stabile call back.<\/p>\n<p>We used to say dog school helps a lot to strength the position of the leader, but we need to educate the Catahoula to our life, depending on our environment (city, country, farm etc.), they have to behave and be partner in all situations.\nIt is not enough to educate and spent time with your Catahoula. It will surely cause a bored Catahoula who will eat your house..<\/p>\n\n\t\t<\/div>\n\t<\/div>\n\n\t<div class=\"wpb_text_column wpb_content_element\" >\n\t\t<div class=\"wpb_wrapper\">\n\t\t\t<h4><span lang=\"HU\">Coursing <\/span><\/h4>\n\n\t\t<\/div>\n\t<\/div>\n\n\t<div class=\"wpb_text_column wpb_content_element\" >\n\t\t<div class=\"wpb_wrapper\">\n\t\t\t<p>This sport is built on hunting and chasing instinct.<br \/>\nAll Catahoulas love it and are good in it because of their speed and persistence.<\/p>\n<p><img loading=\"lazy\" decoding=\"async\" class=\"dog-image-fullwidth aligncenter wp-image-723 size-full\" src=\"http:\/\/leopard.dog\/wp-content\/uploads\/2016\/12\/catahoula-sport-e1483544793472.jpg\" alt=\"catahoula-sport\" width=\"1200\" height=\"558\" srcset=\"https:\/\/leopard.dog\/wp-content\/uploads\/2016\/12\/catahoula-sport-e1483544793472.jpg 1200w, https:\/\/leopard.dog\/wp-content\/uploads\/2016\/12\/catahoula-sport-e1483544793472-300x140.jpg 300w, https:\/\/leopard.dog\/wp-content\/uploads\/2016\/12\/catahoula-sport-e1483544793472-768x357.jpg 768w, https:\/\/leopard.dog\/wp-content\/uploads\/2016\/12\/catahoula-sport-e1483544793472-1024x476.jpg 1024w, https:\/\/leopard.dog\/wp-content\/uploads\/2016\/12\/catahoula-sport-e1483544793472-600x279.jpg 600w\" sizes=\"(max-width: 1200px) 100vw, 1200px\" \/>After a coursing day you will get a satisfied and happy Catahoula.<br \/>\n2 of our dogs have license, maybe in the future all will have.<\/p>\n\n\t\t<\/div>\n\t<\/div>\n\n\t<div class=\"wpb_text_column wpb_content_element\" >\n\t\t<div class=\"wpb_wrapper\">\n\t\t\t<h4><span lang=\"HU\">Track race <\/span><\/h4>\n\n\t\t<\/div>\n\t<\/div>\n\n\t<div class=\"wpb_text_column wpb_content_element\" >\n\t\t<div class=\"wpb_wrapper\">\n\t\t\t<p>This sport is on greyhound track and built on instincts too.<\/p>\n<p><img loading=\"lazy\" decoding=\"async\" class=\"dog-image-fullwidth aligncenter wp-image-726 size-full\" src=\"http:\/\/leopard.dog\/wp-content\/uploads\/2016\/12\/catahoula-trackrace-e1483545017937.jpg\" alt=\"catahoula-trackrace\" width=\"1500\" height=\"693\" srcset=\"https:\/\/leopard.dog\/wp-content\/uploads\/2016\/12\/catahoula-trackrace-e1483545017937.jpg 1500w, https:\/\/leopard.dog\/wp-content\/uploads\/2016\/12\/catahoula-trackrace-e1483545017937-300x139.jpg 300w, https:\/\/leopard.dog\/wp-content\/uploads\/2016\/12\/catahoula-trackrace-e1483545017937-768x355.jpg 768w, https:\/\/leopard.dog\/wp-content\/uploads\/2016\/12\/catahoula-trackrace-e1483545017937-1024x473.jpg 1024w, https:\/\/leopard.dog\/wp-content\/uploads\/2016\/12\/catahoula-trackrace-e1483545017937-600x277.jpg 600w\" sizes=\"(max-width: 1500px) 100vw, 1500px\" \/>They need to chase and catch the bait.<\/p>\n<p>In Hungary they can be professional, licensed racers if they learn to start from box, wearing muzzle and run the whole track.<\/p>\n\n\t\t<\/div>\n\t<\/div>\n\n\t<div class=\"wpb_text_column wpb_content_element\" >\n\t\t<div class=\"wpb_wrapper\">\n\t\t\t<h4>Hog baying \/ hunting<\/h4>\n\n\t\t<\/div>\n\t<\/div>\n\n\t<div class=\"wpb_text_column wpb_content_element\" >\n\t\t<div class=\"wpb_wrapper\">\n\t\t\t<p>Catahoulas are real hog dogs, in the US ,many hunters use them on huntings, bay up the hogs or for bloodtrails. \nIn Hungary our Catahoulas can meet hogs in training gardens and they can use their instincts, learn instinct control and we can get help from hunters. These trainings are available for everyone who wants to try.<\/p>\n<p><img loading=\"lazy\" decoding=\"async\" class=\"dog-image-fullwidth aligncenter wp-image-728 size-full\" src=\"http:\/\/leopard.dog\/wp-content\/uploads\/2016\/12\/catahoula-wildboar.jpg\" alt=\"catahoula-wildboar\" width=\"1200\" height=\"798\" srcset=\"https:\/\/leopard.dog\/wp-content\/uploads\/2016\/12\/catahoula-wildboar.jpg 1200w, https:\/\/leopard.dog\/wp-content\/uploads\/2016\/12\/catahoula-wildboar-300x200.jpg 300w, https:\/\/leopard.dog\/wp-content\/uploads\/2016\/12\/catahoula-wildboar-768x511.jpg 768w, https:\/\/leopard.dog\/wp-content\/uploads\/2016\/12\/catahoula-wildboar-1024x681.jpg 1024w, https:\/\/leopard.dog\/wp-content\/uploads\/2016\/12\/catahoula-wildboar-600x399.jpg 600w, https:\/\/leopard.dog\/wp-content\/uploads\/2016\/12\/catahoula-wildboar-848x565.jpg 848w\" sizes=\"(max-width: 1200px) 100vw, 1200px\" \/>Some of our offsprings are working on huntings with big successes, they are born to this too.<\/p>\n<p>Our Evin and Egra are great hunters, they are the most suitable for hunting.<br \/>\nEvin was 4 months old when she saw hog first time. She was extremely brave...<\/p>\n<p>Some of our pups are hunt, from our dogs Egra is the only one who will hunt.<\/p>\n\n\t\t<\/div>\n\t<\/div>\n\n\t<div class=\"wpb_text_column wpb_content_element\" >\n\t\t<div class=\"wpb_wrapper\">\n\t\t\t<h4><span lang=\"HU\">Herding <\/span><\/h4>\n\n\t\t<\/div>\n\t<\/div>\n\n\t<div class=\"wpb_text_column wpb_content_element\" >\n\t\t<div class=\"wpb_wrapper\">\n\t\t\t<p>The other original work of the breed. At their homeland nowadays many breeders and farmers have Catahoulas for this work.<\/p>\n<p><img loading=\"lazy\" decoding=\"async\" class=\"dog-image-fullwidth aligncenter wp-image-730 size-full\" src=\"http:\/\/leopard.dog\/wp-content\/uploads\/2016\/12\/catahoula-cow-e1483545474436.jpg\" alt=\"catahoula-cow\" width=\"1197\" height=\"588\" srcset=\"https:\/\/leopard.dog\/wp-content\/uploads\/2016\/12\/catahoula-cow-e1483545474436.jpg 1197w, https:\/\/leopard.dog\/wp-content\/uploads\/2016\/12\/catahoula-cow-e1483545474436-300x147.jpg 300w, https:\/\/leopard.dog\/wp-content\/uploads\/2016\/12\/catahoula-cow-e1483545474436-768x377.jpg 768w, https:\/\/leopard.dog\/wp-content\/uploads\/2016\/12\/catahoula-cow-e1483545474436-1024x503.jpg 1024w, https:\/\/leopard.dog\/wp-content\/uploads\/2016\/12\/catahoula-cow-e1483545474436-600x295.jpg 600w\" sizes=\"(max-width: 1197px) 100vw, 1197px\" \/>Our Catahoulas have the opportunity to herd cows weekly and we can see, they were born to this.<\/p>\n<p>They are suitable for sheep herding too, they just need them more time to understand and learn the different style of herding.<\/p>\n<p>Mantrailing\nThey love nosework and they can understand the task. Not all Catahoulas are suitable for this, but it is worth to try.\nWe had chance to try mantrailing some times with professionals.<\/p>\n\n\t\t<\/div>\n\t<\/div>\n<\/div><\/div><\/div><\/div>","protected":false},"excerpt":{"rendered":"A Leop\u00e1rdkutya testk\u00f6zelb\u0151l T\u00f6rt\u00e9nete A Leop\u00e1rdkutya pontos eredete ismeretlen, de a val\u00f3sz\u00edn\u0171, hogy az indi\u00e1n falvak k\u00f6rny\u00e9k\u00e9n \u00e9l\u0151 v\u00f6r\u00f6s farkasok \u00e9s az \u0151slakos amerikai kuty\u00e1k keresztez\u00e9s\u00e9b\u0151l j\u00f6tt l\u00e9tre. A fajta kialakul\u00e1s\u00e1ban nagy szerepe volt a spanyol telepesek \u00e1ltal behozott molossereknek \u00e9s agaraknak, valamint v\u00e9rvonal\u00e1ban val\u00f3sz\u00edn\u0171leg megtal\u00e1lhat\u00f3 m\u00e9g a francia p\u00e1sztorkutya is, amelyet a francia telepesek [...]","protected":false},"author":1,"featured_media":0,"parent":0,"menu_order":0,"comment_status":"closed","ping_status":"closed","template":"","meta":{"_exactmetrics_skip_tracking":false,"_exactmetrics_sitenote_active":false,"_exactmetrics_sitenote_note":"","_exactmetrics_sitenote_category":0,"footnotes":""},"class_list":["post-522","page","type-page","status-publish","hentry"],"yoast_head":"<!-- This site is optimized with the Yoast SEO plugin v24.2 - https:\/\/yoast.com\/wordpress\/plugins\/seo\/ -->\n<title>Leop\u00e1rdkutya<\/title>\n<meta name=\"description\" content=\"A leop\u00e1rdkutya pontos eredete ismeretlen, de a val\u00f3sz\u00edn\u0171, hogy az indi\u00e1n falvak k\u00f6rny\u00e9k\u00e9n \u00e9l\u0151 v\u00f6r\u00f6s farkasok \u00e9s az \u0151slakos amerikai kuty\u00e1k keresztez\u00e9s\u00e9b\u0151l j\u00f6tt l\u00e9tre. Egy dolog biztos. A leop\u00e1rdkutya egy v\u00e9rbeli amerikai, sokoldal\u00fa munkakutya. Louisiana \u00e1llam korm\u00e1nyz\u00f3ja az \u00e1llam kuty\u00e1j\u00e1nak titul\u00e1lta e nemes fajt\u00e1t.\" \/>\n<meta name=\"robots\" content=\"index, follow, max-snippet:-1, max-image-preview:large, max-video-preview:-1\" \/>\n<link rel=\"canonical\" href=\"https:\/\/leopard.dog\/en\/leopardkutya\/\" \/>\n<meta property=\"og:locale\" content=\"en_US\" \/>\n<meta property=\"og:type\" content=\"article\" \/>\n<meta property=\"og:title\" content=\"Leop\u00e1rdkutya\" \/>\n<meta property=\"og:description\" content=\"A leop\u00e1rdkutya pontos eredete ismeretlen, de a val\u00f3sz\u00edn\u0171, hogy az indi\u00e1n falvak k\u00f6rny\u00e9k\u00e9n \u00e9l\u0151 v\u00f6r\u00f6s farkasok \u00e9s az \u0151slakos amerikai kuty\u00e1k keresztez\u00e9s\u00e9b\u0151l j\u00f6tt l\u00e9tre. Egy dolog biztos. A leop\u00e1rdkutya egy v\u00e9rbeli amerikai, sokoldal\u00fa munkakutya. Louisiana \u00e1llam korm\u00e1nyz\u00f3ja az \u00e1llam kuty\u00e1j\u00e1nak titul\u00e1lta e nemes fajt\u00e1t.\" \/>\n<meta property=\"og:url\" content=\"https:\/\/leopard.dog\/en\/leopardkutya\/\" \/>\n<meta property=\"og:site_name\" content=\"Delight Catahoulas Hungary\" \/>\n<meta property=\"article:modified_time\" content=\"2018-11-29T22:35:06+00:00\" \/>\n<meta property=\"og:image\" content=\"http:\/\/leopard.dog\/wp-content\/uploads\/2016\/12\/catahoula-game-e1483543679505.jpg\" \/>\n<meta name=\"twitter:card\" content=\"summary_large_image\" \/>\n<meta name=\"twitter:label1\" content=\"Est. reading time\" \/>\n\t<meta name=\"twitter:data1\" content=\"9 minutes\" \/>\n<script type=\"application\/ld+json\" class=\"yoast-schema-graph\">{\"@context\":\"https:\/\/schema.org\",\"@graph\":[{\"@type\":\"WebPage\",\"@id\":\"https:\/\/leopard.dog\/en\/leopardkutya\/\",\"url\":\"https:\/\/leopard.dog\/en\/leopardkutya\/\",\"name\":\"Leop\u00e1rdkutya\",\"isPartOf\":{\"@id\":\"https:\/\/leopard.dog\/#website\"},\"primaryImageOfPage\":{\"@id\":\"https:\/\/leopard.dog\/en\/leopardkutya\/#primaryimage\"},\"image\":{\"@id\":\"https:\/\/leopard.dog\/en\/leopardkutya\/#primaryimage\"},\"thumbnailUrl\":\"http:\/\/leopard.dog\/wp-content\/uploads\/2016\/12\/catahoula-game-e1483543679505.jpg\",\"datePublished\":\"2016-12-21T22:08:32+00:00\",\"dateModified\":\"2018-11-29T22:35:06+00:00\",\"description\":\"A leop\u00e1rdkutya pontos eredete ismeretlen, de a val\u00f3sz\u00edn\u0171, hogy az indi\u00e1n falvak k\u00f6rny\u00e9k\u00e9n \u00e9l\u0151 v\u00f6r\u00f6s farkasok \u00e9s az \u0151slakos amerikai kuty\u00e1k keresztez\u00e9s\u00e9b\u0151l j\u00f6tt l\u00e9tre. Egy dolog biztos. A leop\u00e1rdkutya egy v\u00e9rbeli amerikai, sokoldal\u00fa munkakutya. Louisiana \u00e1llam korm\u00e1nyz\u00f3ja az \u00e1llam kuty\u00e1j\u00e1nak titul\u00e1lta e nemes fajt\u00e1t.\",\"breadcrumb\":{\"@id\":\"https:\/\/leopard.dog\/en\/leopardkutya\/#breadcrumb\"},\"inLanguage\":\"en-US\",\"potentialAction\":[{\"@type\":\"ReadAction\",\"target\":[\"https:\/\/leopard.dog\/en\/leopardkutya\/\"]}]},{\"@type\":\"ImageObject\",\"inLanguage\":\"en-US\",\"@id\":\"https:\/\/leopard.dog\/en\/leopardkutya\/#primaryimage\",\"url\":\"http:\/\/leopard.dog\/wp-content\/uploads\/2016\/12\/catahoula-game-e1483543679505.jpg\",\"contentUrl\":\"http:\/\/leopard.dog\/wp-content\/uploads\/2016\/12\/catahoula-game-e1483543679505.jpg\"},{\"@type\":\"BreadcrumbList\",\"@id\":\"https:\/\/leopard.dog\/en\/leopardkutya\/#breadcrumb\",\"itemListElement\":[{\"@type\":\"ListItem\",\"position\":1,\"name\":\"Home\",\"item\":\"https:\/\/leopard.dog\/\"},{\"@type\":\"ListItem\",\"position\":2,\"name\":\"A Leop\u00e1rdkutya\"}]},{\"@type\":\"WebSite\",\"@id\":\"https:\/\/leopard.dog\/#website\",\"url\":\"https:\/\/leopard.dog\/\",\"name\":\"Delight Catahoulas Hungary\",\"description\":\"The leopard dog kennel\",\"publisher\":{\"@id\":\"https:\/\/leopard.dog\/#organization\"},\"potentialAction\":[{\"@type\":\"SearchAction\",\"target\":{\"@type\":\"EntryPoint\",\"urlTemplate\":\"https:\/\/leopard.dog\/?s={search_term_string}\"},\"query-input\":{\"@type\":\"PropertyValueSpecification\",\"valueRequired\":true,\"valueName\":\"search_term_string\"}}],\"inLanguage\":\"en-US\"},{\"@type\":\"Organization\",\"@id\":\"https:\/\/leopard.dog\/#organization\",\"name\":\"Delight kennel\",\"url\":\"https:\/\/leopard.dog\/\",\"logo\":{\"@type\":\"ImageObject\",\"inLanguage\":\"en-US\",\"@id\":\"https:\/\/leopard.dog\/#\/schema\/logo\/image\/\",\"url\":\"http:\/\/leopard.dog\/wp-content\/uploads\/2016\/10\/cropped-delightkennel_fb-logo.png\",\"contentUrl\":\"http:\/\/leopard.dog\/wp-content\/uploads\/2016\/10\/cropped-delightkennel_fb-logo.png\",\"width\":512,\"height\":512,\"caption\":\"Delight kennel\"},\"image\":{\"@id\":\"https:\/\/leopard.dog\/#\/schema\/logo\/image\/\"}}]}<\/script>\n<!-- \/ Yoast SEO plugin. -->","yoast_head_json":{"title":"Leop\u00e1rdkutya","description":"A leop\u00e1rdkutya pontos eredete ismeretlen, de a val\u00f3sz\u00edn\u0171, hogy az indi\u00e1n falvak k\u00f6rny\u00e9k\u00e9n \u00e9l\u0151 v\u00f6r\u00f6s farkasok \u00e9s az \u0151slakos amerikai kuty\u00e1k keresztez\u00e9s\u00e9b\u0151l j\u00f6tt l\u00e9tre. Egy dolog biztos. A leop\u00e1rdkutya egy v\u00e9rbeli amerikai, sokoldal\u00fa munkakutya. Louisiana \u00e1llam korm\u00e1nyz\u00f3ja az \u00e1llam kuty\u00e1j\u00e1nak titul\u00e1lta e nemes fajt\u00e1t.","robots":{"index":"index","follow":"follow","max-snippet":"max-snippet:-1","max-image-preview":"max-image-preview:large","max-video-preview":"max-video-preview:-1"},"canonical":"https:\/\/leopard.dog\/en\/leopardkutya\/","og_locale":"en_US","og_type":"article","og_title":"Leop\u00e1rdkutya","og_description":"A leop\u00e1rdkutya pontos eredete ismeretlen, de a val\u00f3sz\u00edn\u0171, hogy az indi\u00e1n falvak k\u00f6rny\u00e9k\u00e9n \u00e9l\u0151 v\u00f6r\u00f6s farkasok \u00e9s az \u0151slakos amerikai kuty\u00e1k keresztez\u00e9s\u00e9b\u0151l j\u00f6tt l\u00e9tre. Egy dolog biztos. A leop\u00e1rdkutya egy v\u00e9rbeli amerikai, sokoldal\u00fa munkakutya. Louisiana \u00e1llam korm\u00e1nyz\u00f3ja az \u00e1llam kuty\u00e1j\u00e1nak titul\u00e1lta e nemes fajt\u00e1t.","og_url":"https:\/\/leopard.dog\/en\/leopardkutya\/","og_site_name":"Delight Catahoulas Hungary","article_modified_time":"2018-11-29T22:35:06+00:00","og_image":[{"url":"http:\/\/leopard.dog\/wp-content\/uploads\/2016\/12\/catahoula-game-e1483543679505.jpg","type":"","width":"","height":""}],"twitter_card":"summary_large_image","twitter_misc":{"Est. reading time":"9 minutes"},"schema":{"@context":"https:\/\/schema.org","@graph":[{"@type":"WebPage","@id":"https:\/\/leopard.dog\/en\/leopardkutya\/","url":"https:\/\/leopard.dog\/en\/leopardkutya\/","name":"Leop\u00e1rdkutya","isPartOf":{"@id":"https:\/\/leopard.dog\/#website"},"primaryImageOfPage":{"@id":"https:\/\/leopard.dog\/en\/leopardkutya\/#primaryimage"},"image":{"@id":"https:\/\/leopard.dog\/en\/leopardkutya\/#primaryimage"},"thumbnailUrl":"http:\/\/leopard.dog\/wp-content\/uploads\/2016\/12\/catahoula-game-e1483543679505.jpg","datePublished":"2016-12-21T22:08:32+00:00","dateModified":"2018-11-29T22:35:06+00:00","description":"A leop\u00e1rdkutya pontos eredete ismeretlen, de a val\u00f3sz\u00edn\u0171, hogy az indi\u00e1n falvak k\u00f6rny\u00e9k\u00e9n \u00e9l\u0151 v\u00f6r\u00f6s farkasok \u00e9s az \u0151slakos amerikai kuty\u00e1k keresztez\u00e9s\u00e9b\u0151l j\u00f6tt l\u00e9tre. Egy dolog biztos. A leop\u00e1rdkutya egy v\u00e9rbeli amerikai, sokoldal\u00fa munkakutya. Louisiana \u00e1llam korm\u00e1nyz\u00f3ja az \u00e1llam kuty\u00e1j\u00e1nak titul\u00e1lta e nemes fajt\u00e1t.","breadcrumb":{"@id":"https:\/\/leopard.dog\/en\/leopardkutya\/#breadcrumb"},"inLanguage":"en-US","potentialAction":[{"@type":"ReadAction","target":["https:\/\/leopard.dog\/en\/leopardkutya\/"]}]},{"@type":"ImageObject","inLanguage":"en-US","@id":"https:\/\/leopard.dog\/en\/leopardkutya\/#primaryimage","url":"http:\/\/leopard.dog\/wp-content\/uploads\/2016\/12\/catahoula-game-e1483543679505.jpg","contentUrl":"http:\/\/leopard.dog\/wp-content\/uploads\/2016\/12\/catahoula-game-e1483543679505.jpg"},{"@type":"BreadcrumbList","@id":"https:\/\/leopard.dog\/en\/leopardkutya\/#breadcrumb","itemListElement":[{"@type":"ListItem","position":1,"name":"Home","item":"https:\/\/leopard.dog\/"},{"@type":"ListItem","position":2,"name":"A Leop\u00e1rdkutya"}]},{"@type":"WebSite","@id":"https:\/\/leopard.dog\/#website","url":"https:\/\/leopard.dog\/","name":"Delight Catahoulas Hungary","description":"The leopard dog kennel","publisher":{"@id":"https:\/\/leopard.dog\/#organization"},"potentialAction":[{"@type":"SearchAction","target":{"@type":"EntryPoint","urlTemplate":"https:\/\/leopard.dog\/?s={search_term_string}"},"query-input":{"@type":"PropertyValueSpecification","valueRequired":true,"valueName":"search_term_string"}}],"inLanguage":"en-US"},{"@type":"Organization","@id":"https:\/\/leopard.dog\/#organization","name":"Delight kennel","url":"https:\/\/leopard.dog\/","logo":{"@type":"ImageObject","inLanguage":"en-US","@id":"https:\/\/leopard.dog\/#\/schema\/logo\/image\/","url":"http:\/\/leopard.dog\/wp-content\/uploads\/2016\/10\/cropped-delightkennel_fb-logo.png","contentUrl":"http:\/\/leopard.dog\/wp-content\/uploads\/2016\/10\/cropped-delightkennel_fb-logo.png","width":512,"height":512,"caption":"Delight kennel"},"image":{"@id":"https:\/\/leopard.dog\/#\/schema\/logo\/image\/"}}]}},"_links":{"self":[{"href":"https:\/\/leopard.dog\/en\/wp-json\/wp\/v2\/pages\/522","targetHints":{"allow":["GET"]}}],"collection":[{"href":"https:\/\/leopard.dog\/en\/wp-json\/wp\/v2\/pages"}],"about":[{"href":"https:\/\/leopard.dog\/en\/wp-json\/wp\/v2\/types\/page"}],"author":[{"embeddable":true,"href":"https:\/\/leopard.dog\/en\/wp-json\/wp\/v2\/users\/1"}],"replies":[{"embeddable":true,"href":"https:\/\/leopard.dog\/en\/wp-json\/wp\/v2\/comments?post=522"}],"version-history":[{"count":33,"href":"https:\/\/leopard.dog\/en\/wp-json\/wp\/v2\/pages\/522\/revisions"}],"predecessor-version":[{"id":969,"href":"https:\/\/leopard.dog\/en\/wp-json\/wp\/v2\/pages\/522\/revisions\/969"}],"wp:attachment":[{"href":"https:\/\/leopard.dog\/en\/wp-json\/wp\/v2\/media?parent=522"}],"curies":[{"name":"wp","href":"https:\/\/api.w.org\/{rel}","templated":true}]}}