{"id":94,"date":"2015-10-25T09:39:04","date_gmt":"2015-10-25T07:39:04","guid":{"rendered":"http:\/\/webredox.net\/demo\/wp\/mountain\/demo1\/?page_id=94"},"modified":"2018-11-30T00:37:40","modified_gmt":"2018-11-29T22:37:40","slug":"kapcsolat","status":"publish","type":"page","link":"https:\/\/leopard.dog\/en\/kapcsolat\/","title":{"rendered":"Contact"},"content":{"rendered":"<div class=\"vc_row wpb_row vc_row-fluid\"><div class=\"wpb_column vc_column_container vc_col-sm-6\"><div class=\"vc_column-inner\"><div class=\"wpb_wrapper\">\n\t\t     <div class=\"text-title section-sub-title\" style=\"background:;\">\n\t\t\t <article class=\"section-title-body\">\n\t\t\t <h1 class=\"head-title\" style=\"margin:;padding:; color:; font-size:; font-weight:; line-height:; text-align:; text-transform:;\"><strong>Contacts<\/strong><\/h1>\n\t\t\t <\/article>\n\t\t\t <\/div>\n                \n\t\t\t\t<div class=\"sec-contact-info\"><h4 class=\"widget-title\"><i class=\"ion-android-call\"><\/i>Phone<\/h4><p>+36 30 688 9889<\/p><br><\/div>\n\t\t     <div class=\"sec-text widget-title\" style=\"background:; float:;\">\n\t\t\t <p style=\"margin:;padding:; color:; font-size:; font-weight:; line-height:; text-align:; text-transform:;\"><img decoding=\"async\" class=\"messengericon\" src=\"http:\/\/leopard.dog\/wp-content\/uploads\/2016\/12\/facebook_messenger-512-e1482351257525.png\" width=\"18\" height=\"18\" \/><a class=\"messengertitle\">Send Facebook message<\/a><\/p>\n<div class=\"fb-page\" data-href=\"https:\/\/www.facebook.com\/delightleopard\" data-tabs=\"messages\" data-width=\"450\" data-height=\"350\" data-small-header=\"false\"><\/div>\n\t\t\t <\/div>\n                \n\t\t\t\t<\/div><\/div><\/div><div class=\"wpb_column vc_column_container vc_col-sm-6\"><div class=\"vc_column-inner\"><div class=\"wpb_wrapper\">\n\t\t     <div class=\"text-title section-sub-title\" style=\"background:;\">\n\t\t\t <article class=\"section-title-body\">\n\t\t\t <h1 class=\"head-title\" style=\"margin:;padding:; color:; font-size:; font-weight:; line-height:; text-align:; text-transform:;\"><strong>Send email for us<\/strong><\/h1>\n\t\t\t <\/article>\n\t\t\t <\/div>\n                \n\t\t\t\t\n\n\t\t\t\t\t<div class=\"sec-contact-form emailforus\">\n\t\t\t\t\t<div id=\"form-wrapper\">\n\t\t\t\t\t<div id=\"form-inner\">\n\t\t\t\t\t<div id=\"MainContent\" class=\"\">\n\t\t\t\t\t\t\n<div class=\"wpcf7 no-js\" id=\"wpcf7-f501-o1\" lang=\"en-US\" dir=\"ltr\" data-wpcf7-id=\"501\">\n<div class=\"screen-reader-response\"><p role=\"status\" aria-live=\"polite\" aria-atomic=\"true\"><\/p> <ul><\/ul><\/div>\n<form action=\"\/en\/wp-json\/wp\/v2\/pages\/94#wpcf7-f501-o1\" method=\"post\" class=\"wpcf7-form init\" aria-label=\"Contact form\" novalidate=\"novalidate\" data-status=\"init\" data-trp-original-action=\"\/en\/wp-json\/wp\/v2\/pages\/94#wpcf7-f501-o1\">\n<div style=\"display: none;\">\n<input type=\"hidden\" name=\"_wpcf7\" value=\"501\" \/>\n<input type=\"hidden\" name=\"_wpcf7_version\" value=\"6.0.2\" \/>\n<input type=\"hidden\" name=\"_wpcf7_locale\" value=\"en_US\" \/>\n<input type=\"hidden\" name=\"_wpcf7_unit_tag\" value=\"wpcf7-f501-o1\" \/>\n<input type=\"hidden\" name=\"_wpcf7_container_post\" value=\"0\" \/>\n<input type=\"hidden\" name=\"_wpcf7_posted_data_hash\" value=\"\" \/>\n<input type=\"hidden\" name=\"_wpcf7_recaptcha_response\" value=\"\" \/>\n<\/div>\n<p><label> Name (requiered)<br \/>\n<span class=\"wpcf7-form-control-wrap\" data-name=\"your-name\"><input size=\"40\" maxlength=\"400\" class=\"wpcf7-form-control wpcf7-text wpcf7-validates-as-required\" aria-required=\"true\" aria-invalid=\"false\" value=\"\" type=\"text\" name=\"your-name\" \/><\/span> <\/label>\n<\/p>\n<p><label> E-mail address (required)<br \/>\n<span class=\"wpcf7-form-control-wrap\" data-name=\"your-email\"><input size=\"40\" maxlength=\"400\" class=\"wpcf7-form-control wpcf7-email wpcf7-validates-as-required wpcf7-text wpcf7-validates-as-email\" aria-required=\"true\" aria-invalid=\"false\" value=\"\" type=\"email\" name=\"your-email\" \/><\/span> <\/label>\n<\/p>\n<p><label> Subject<br \/>\n<span class=\"wpcf7-form-control-wrap\" data-name=\"your-subject\"><input size=\"40\" maxlength=\"400\" class=\"wpcf7-form-control wpcf7-text\" aria-invalid=\"false\" value=\"\" type=\"text\" name=\"your-subject\" \/><\/span> <\/label>\n<\/p>\n<p><label> Message<br \/>\n<span class=\"wpcf7-form-control-wrap\" data-name=\"your-message\"><textarea cols=\"40\" rows=\"10\" maxlength=\"2000\" class=\"wpcf7-form-control wpcf7-textarea uzenet\" aria-invalid=\"false\" name=\"your-message\"><\/textarea><\/span> <\/label>\n<\/p>\n\n<p><input class=\"wpcf7-form-control wpcf7-submit has-spinner\" type=\"submit\" value=\"Send\" \/>\n<\/p><p style=\"display: none !important;\" class=\"akismet-fields-container\" data-prefix=\"_wpcf7_ak_\"><label>&#916;<textarea name=\"_wpcf7_ak_hp_textarea\" cols=\"45\" rows=\"8\" maxlength=\"100\"><\/textarea><\/label><input type=\"hidden\" id=\"ak_js_1\" name=\"_wpcf7_ak_js\" value=\"103\"\/><script>document.getElementById( \"ak_js_1\" ).setAttribute( \"value\", ( new Date() ).getTime() );<\/script><\/p><div class=\"wpcf7-response-output\" aria-hidden=\"true\"><\/div>\n<input type=\"hidden\" name=\"trp-form-language\" value=\"en\"\/><\/form>\n<\/div>\n\n\t\t\t\t\t<\/div>\n\t\t\t\t\t<\/div>\n\t\t\t\t\t<\/div>\n\t\t\t\t\t<\/div>\n                \n\t\t\t\t<\/div><\/div><\/div><\/div>","protected":false},"excerpt":{"rendered":"El\u00e9rhet\u0151s\u00e9geink Telefon:+36 30 688 9889 \u00dczenj nek\u00fcnk facebookon K\u00fcldj nek\u00fcnk e-mailt N\u00e9v (k\u00f6telez\u0151) E-mail c\u00edm (k\u00f6telez\u0151) T\u00e1rgy \u00dczenet &#916;","protected":false},"author":1,"featured_media":610,"parent":0,"menu_order":0,"comment_status":"closed","ping_status":"closed","template":"home-page.php","meta":{"_exactmetrics_skip_tracking":false,"_exactmetrics_sitenote_active":false,"_exactmetrics_sitenote_note":"","_exactmetrics_sitenote_category":0,"footnotes":""},"class_list":["post-94","page","type-page","status-publish","has-post-thumbnail","hentry"],"yoast_head":"<!-- This site is optimized with the Yoast SEO plugin v24.2 - https:\/\/yoast.com\/wordpress\/plugins\/seo\/ -->\n<title>Kapcsolat - Delight Catahoulas Hungary<\/title>\n<meta name=\"robots\" content=\"index, follow, max-snippet:-1, max-image-preview:large, max-video-preview:-1\" \/>\n<link rel=\"canonical\" href=\"https:\/\/leopard.dog\/en\/kapcsolat\/\" \/>\n<meta property=\"og:locale\" content=\"en_US\" \/>\n<meta property=\"og:type\" content=\"article\" \/>\n<meta property=\"og:title\" content=\"Kapcsolat - Delight Catahoulas Hungary\" \/>\n<meta property=\"og:url\" content=\"https:\/\/leopard.dog\/en\/kapcsolat\/\" \/>\n<meta property=\"og:site_name\" content=\"Delight Catahoulas Hungary\" \/>\n<meta property=\"article:modified_time\" content=\"2018-11-29T22:37:40+00:00\" \/>\n<meta property=\"og:image\" content=\"https:\/\/leopard.dog\/wp-content\/uploads\/2015\/10\/GAB_5534-e1483127458308.jpg\" \/>\n\t<meta property=\"og:image:width\" content=\"1466\" \/>\n\t<meta property=\"og:image:height\" content=\"765\" \/>\n\t<meta property=\"og:image:type\" content=\"image\/jpeg\" \/>\n<meta name=\"twitter:card\" content=\"summary_large_image\" \/>\n<script type=\"application\/ld+json\" class=\"yoast-schema-graph\">{\"@context\":\"https:\/\/schema.org\",\"@graph\":[{\"@type\":\"WebPage\",\"@id\":\"https:\/\/leopard.dog\/kapcsolat\/\",\"url\":\"https:\/\/leopard.dog\/kapcsolat\/\",\"name\":\"Kapcsolat - Delight Catahoulas Hungary\",\"isPartOf\":{\"@id\":\"http:\/\/leopard.dog\/en\/#website\"},\"primaryImageOfPage\":{\"@id\":\"https:\/\/leopard.dog\/kapcsolat\/#primaryimage\"},\"image\":{\"@id\":\"https:\/\/leopard.dog\/kapcsolat\/#primaryimage\"},\"thumbnailUrl\":\"https:\/\/leopard.dog\/wp-content\/uploads\/2015\/10\/GAB_5534-e1483127458308.jpg\",\"datePublished\":\"2015-10-25T07:39:04+00:00\",\"dateModified\":\"2018-11-29T22:37:40+00:00\",\"breadcrumb\":{\"@id\":\"https:\/\/leopard.dog\/kapcsolat\/#breadcrumb\"},\"inLanguage\":\"en-US\",\"potentialAction\":[{\"@type\":\"ReadAction\",\"target\":[\"https:\/\/leopard.dog\/kapcsolat\/\"]}]},{\"@type\":\"ImageObject\",\"inLanguage\":\"en-US\",\"@id\":\"https:\/\/leopard.dog\/kapcsolat\/#primaryimage\",\"url\":\"https:\/\/leopard.dog\/wp-content\/uploads\/2015\/10\/GAB_5534-e1483127458308.jpg\",\"contentUrl\":\"https:\/\/leopard.dog\/wp-content\/uploads\/2015\/10\/GAB_5534-e1483127458308.jpg\",\"width\":1466,\"height\":765},{\"@type\":\"BreadcrumbList\",\"@id\":\"https:\/\/leopard.dog\/kapcsolat\/#breadcrumb\",\"itemListElement\":[{\"@type\":\"ListItem\",\"position\":1,\"name\":\"Home\",\"item\":\"http:\/\/leopard.dog\/en\/\"},{\"@type\":\"ListItem\",\"position\":2,\"name\":\"Kapcsolat\"}]},{\"@type\":\"WebSite\",\"@id\":\"http:\/\/leopard.dog\/en\/#website\",\"url\":\"http:\/\/leopard.dog\/en\/\",\"name\":\"Delight Catahoulas Hungary\",\"description\":\"The leopard dog kennel\",\"publisher\":{\"@id\":\"http:\/\/leopard.dog\/en\/#organization\"},\"potentialAction\":[{\"@type\":\"SearchAction\",\"target\":{\"@type\":\"EntryPoint\",\"urlTemplate\":\"http:\/\/leopard.dog\/en\/?s={search_term_string}\"},\"query-input\":{\"@type\":\"PropertyValueSpecification\",\"valueRequired\":true,\"valueName\":\"search_term_string\"}}],\"inLanguage\":\"en-US\"},{\"@type\":\"Organization\",\"@id\":\"http:\/\/leopard.dog\/en\/#organization\",\"name\":\"Delight kennel\",\"url\":\"http:\/\/leopard.dog\/en\/\",\"logo\":{\"@type\":\"ImageObject\",\"inLanguage\":\"en-US\",\"@id\":\"http:\/\/leopard.dog\/en\/#\/schema\/logo\/image\/\",\"url\":\"http:\/\/leopard.dog\/wp-content\/uploads\/2016\/10\/cropped-delightkennel_fb-logo.png\",\"contentUrl\":\"http:\/\/leopard.dog\/wp-content\/uploads\/2016\/10\/cropped-delightkennel_fb-logo.png\",\"width\":512,\"height\":512,\"caption\":\"Delight kennel\"},\"image\":{\"@id\":\"http:\/\/leopard.dog\/en\/#\/schema\/logo\/image\/\"}}]}<\/script>\n<!-- \/ Yoast SEO plugin. -->","yoast_head_json":{"title":"Kapcsolat - Delight Catahoulas Hungary","robots":{"index":"index","follow":"follow","max-snippet":"max-snippet:-1","max-image-preview":"max-image-preview:large","max-video-preview":"max-video-preview:-1"},"canonical":"https:\/\/leopard.dog\/en\/kapcsolat\/","og_locale":"en_US","og_type":"article","og_title":"Kapcsolat - Delight Catahoulas Hungary","og_url":"https:\/\/leopard.dog\/en\/kapcsolat\/","og_site_name":"Delight Catahoulas Hungary","article_modified_time":"2018-11-29T22:37:40+00:00","og_image":[{"width":1466,"height":765,"url":"https:\/\/leopard.dog\/wp-content\/uploads\/2015\/10\/GAB_5534-e1483127458308.jpg","type":"image\/jpeg"}],"twitter_card":"summary_large_image","schema":{"@context":"https:\/\/schema.org","@graph":[{"@type":"WebPage","@id":"https:\/\/leopard.dog\/kapcsolat\/","url":"https:\/\/leopard.dog\/kapcsolat\/","name":"Kapcsolat - Delight Catahoulas Hungary","isPartOf":{"@id":"http:\/\/leopard.dog\/en\/#website"},"primaryImageOfPage":{"@id":"https:\/\/leopard.dog\/kapcsolat\/#primaryimage"},"image":{"@id":"https:\/\/leopard.dog\/kapcsolat\/#primaryimage"},"thumbnailUrl":"https:\/\/leopard.dog\/wp-content\/uploads\/2015\/10\/GAB_5534-e1483127458308.jpg","datePublished":"2015-10-25T07:39:04+00:00","dateModified":"2018-11-29T22:37:40+00:00","breadcrumb":{"@id":"https:\/\/leopard.dog\/kapcsolat\/#breadcrumb"},"inLanguage":"en-US","potentialAction":[{"@type":"ReadAction","target":["https:\/\/leopard.dog\/kapcsolat\/"]}]},{"@type":"ImageObject","inLanguage":"en-US","@id":"https:\/\/leopard.dog\/kapcsolat\/#primaryimage","url":"https:\/\/leopard.dog\/wp-content\/uploads\/2015\/10\/GAB_5534-e1483127458308.jpg","contentUrl":"https:\/\/leopard.dog\/wp-content\/uploads\/2015\/10\/GAB_5534-e1483127458308.jpg","width":1466,"height":765},{"@type":"BreadcrumbList","@id":"https:\/\/leopard.dog\/kapcsolat\/#breadcrumb","itemListElement":[{"@type":"ListItem","position":1,"name":"Home","item":"http:\/\/leopard.dog\/en\/"},{"@type":"ListItem","position":2,"name":"Kapcsolat"}]},{"@type":"WebSite","@id":"http:\/\/leopard.dog\/en\/#website","url":"http:\/\/leopard.dog\/en\/","name":"Delight Catahoulas Hungary","description":"The leopard dog kennel","publisher":{"@id":"http:\/\/leopard.dog\/en\/#organization"},"potentialAction":[{"@type":"SearchAction","target":{"@type":"EntryPoint","urlTemplate":"http:\/\/leopard.dog\/en\/?s={search_term_string}"},"query-input":{"@type":"PropertyValueSpecification","valueRequired":true,"valueName":"search_term_string"}}],"inLanguage":"en-US"},{"@type":"Organization","@id":"http:\/\/leopard.dog\/en\/#organization","name":"Delight kennel","url":"http:\/\/leopard.dog\/en\/","logo":{"@type":"ImageObject","inLanguage":"en-US","@id":"http:\/\/leopard.dog\/en\/#\/schema\/logo\/image\/","url":"http:\/\/leopard.dog\/wp-content\/uploads\/2016\/10\/cropped-delightkennel_fb-logo.png","contentUrl":"http:\/\/leopard.dog\/wp-content\/uploads\/2016\/10\/cropped-delightkennel_fb-logo.png","width":512,"height":512,"caption":"Delight kennel"},"image":{"@id":"http:\/\/leopard.dog\/en\/#\/schema\/logo\/image\/"}}]}},"_links":{"self":[{"href":"https:\/\/leopard.dog\/en\/wp-json\/wp\/v2\/pages\/94","targetHints":{"allow":["GET"]}}],"collection":[{"href":"https:\/\/leopard.dog\/en\/wp-json\/wp\/v2\/pages"}],"about":[{"href":"https:\/\/leopard.dog\/en\/wp-json\/wp\/v2\/types\/page"}],"author":[{"embeddable":true,"href":"https:\/\/leopard.dog\/en\/wp-json\/wp\/v2\/users\/1"}],"replies":[{"embeddable":true,"href":"https:\/\/leopard.dog\/en\/wp-json\/wp\/v2\/comments?post=94"}],"version-history":[{"count":19,"href":"https:\/\/leopard.dog\/en\/wp-json\/wp\/v2\/pages\/94\/revisions"}],"predecessor-version":[{"id":520,"href":"https:\/\/leopard.dog\/en\/wp-json\/wp\/v2\/pages\/94\/revisions\/520"}],"wp:featuredmedia":[{"embeddable":true,"href":"https:\/\/leopard.dog\/en\/wp-json\/wp\/v2\/media\/610"}],"wp:attachment":[{"href":"https:\/\/leopard.dog\/en\/wp-json\/wp\/v2\/media?parent=94"}],"curies":[{"name":"wp","href":"https:\/\/api.w.org\/{rel}","templated":true}]}}